{"id":26411,"date":"2023-09-03T21:36:14","date_gmt":"2023-09-03T21:36:14","guid":{"rendered":"https:\/\/triviumgroup.eu\/?page_id=26411"},"modified":"2023-09-22T11:45:56","modified_gmt":"2023-09-22T11:45:56","slug":"trivium-portal-desktop","status":"publish","type":"page","link":"https:\/\/triviumgroup.eu\/sr\/trivium-portal-desktop\/","title":{"rendered":"Trivium Portal Desktop"},"content":{"rendered":"<div data-elementor-type=\"wp-page\" data-elementor-id=\"26411\" class=\"elementor elementor-26411\">\n\t\t\t\t\t\t<section class=\"elementor-section elementor-top-section elementor-element elementor-element-86b1fab elementor-section-boxed elementor-section-height-default elementor-section-height-default\" data-id=\"86b1fab\" data-element_type=\"section\">\n\t\t\t\t\t\t<div class=\"elementor-container elementor-column-gap-default\">\n\t\t\t\t\t<div class=\"elementor-column elementor-col-33 elementor-top-column elementor-element elementor-element-01ca858\" data-id=\"01ca858\" data-element_type=\"column\">\n\t\t\t<div class=\"elementor-widget-wrap elementor-element-populated\">\n\t\t\t\t\t\t<div class=\"elementor-element elementor-element-fbdc8cf elementor-widget elementor-widget-heading\" data-id=\"fbdc8cf\" data-element_type=\"widget\" data-widget_type=\"heading.default\">\n\t\t\t\t<div class=\"elementor-widget-container\">\n\t\t\t\t\t<h1 class=\"elementor-heading-title elementor-size-default\">Trivium Portal <\/h1>\t\t\t\t<\/div>\n\t\t\t\t<\/div>\n\t\t\t\t\t<\/div>\n\t\t<\/div>\n\t\t\t\t<div class=\"elementor-column elementor-col-66 elementor-top-column elementor-element elementor-element-df3f9a7\" data-id=\"df3f9a7\" data-element_type=\"column\">\n\t\t\t<div class=\"elementor-widget-wrap elementor-element-populated\">\n\t\t\t\t\t\t<div class=\"elementor-element elementor-element-ea9f011 elementor-widget elementor-widget-image\" data-id=\"ea9f011\" data-element_type=\"widget\" data-widget_type=\"image.default\">\n\t\t\t\t<div class=\"elementor-widget-container\">\n\t\t\t\t\t\t\t\t\t\t\t\t\t\t\t<img fetchpriority=\"high\" decoding=\"async\" width=\"1024\" height=\"683\" src=\"https:\/\/triviumgroup.eu\/wp-content\/uploads\/2023\/09\/iStock-1390659197-1024x683.jpg\" class=\"attachment-large size-large wp-image-26413\" alt=\"\" srcset=\"https:\/\/triviumgroup.eu\/wp-content\/uploads\/2023\/09\/iStock-1390659197-1024x683.jpg 1024w, https:\/\/triviumgroup.eu\/wp-content\/uploads\/2023\/09\/iStock-1390659197-300x200.jpg 300w, https:\/\/triviumgroup.eu\/wp-content\/uploads\/2023\/09\/iStock-1390659197-768x512.jpg 768w, https:\/\/triviumgroup.eu\/wp-content\/uploads\/2023\/09\/iStock-1390659197-1536x1024.jpg 1536w, https:\/\/triviumgroup.eu\/wp-content\/uploads\/2023\/09\/iStock-1390659197-2048x1365.jpg 2048w, https:\/\/triviumgroup.eu\/wp-content\/uploads\/2023\/09\/iStock-1390659197-600x400.jpg 600w\" sizes=\"(max-width: 1024px) 100vw, 1024px\" \/>\t\t\t\t\t\t\t\t\t\t\t\t\t\t\t<\/div>\n\t\t\t\t<\/div>\n\t\t\t\t\t<\/div>\n\t\t<\/div>\n\t\t\t\t\t<\/div>\n\t\t<\/section>\n\t\t\t\t<section class=\"elementor-section elementor-top-section elementor-element elementor-element-ueo84ta elementor-section-boxed elementor-section-height-default elementor-section-height-default\" data-id=\"ueo84ta\" data-element_type=\"section\">\n\t\t\t\t\t\t<div class=\"elementor-container elementor-column-gap-wide\">\n\t\t\t\t\t<div class=\"elementor-column elementor-col-33 elementor-top-column elementor-element elementor-element-f8352c5\" data-id=\"f8352c5\" data-element_type=\"column\">\n\t\t\t<div class=\"elementor-widget-wrap elementor-element-populated\">\n\t\t\t\t\t\t<div class=\"elementor-element elementor-element-00d516a elementor-widget elementor-widget-image\" data-id=\"00d516a\" data-element_type=\"widget\" data-widget_type=\"image.default\">\n\t\t\t\t<div class=\"elementor-widget-container\">\n\t\t\t\t\t\t\t\t\t\t\t\t\t\t\t<img decoding=\"async\" width=\"575\" height=\"544\" src=\"https:\/\/triviumgroup.eu\/wp-content\/uploads\/2023\/06\/login_portal.jpg\" class=\"attachment-full size-full wp-image-25646\" alt=\"\" srcset=\"https:\/\/triviumgroup.eu\/wp-content\/uploads\/2023\/06\/login_portal.jpg 575w, https:\/\/triviumgroup.eu\/wp-content\/uploads\/2023\/06\/login_portal-300x284.jpg 300w\" sizes=\"(max-width: 575px) 100vw, 575px\" \/>\t\t\t\t\t\t\t\t\t\t\t\t\t\t\t<\/div>\n\t\t\t\t<\/div>\n\t\t\t\t<div class=\"elementor-element elementor-element-5774235 elementor-widget elementor-widget-heading\" data-id=\"5774235\" data-element_type=\"widget\" data-widget_type=\"heading.default\">\n\t\t\t\t<div class=\"elementor-widget-container\">\n\t\t\t\t\t<h4 class=\"elementor-heading-title elementor-size-default\">Dizajniran za stvarni \u017eivot<\/h4>\t\t\t\t<\/div>\n\t\t\t\t<\/div>\n\t\t\t\t<div class=\"elementor-element elementor-element-87870da elementor-widget elementor-widget-text-editor\" data-id=\"87870da\" data-element_type=\"widget\" data-widget_type=\"text-editor.default\">\n\t\t\t\t<div class=\"elementor-widget-container\">\n\t\t\t\t\t\t\t\t\t<p>Desktop aplikacija Trivium \nPortala je uglavnom dizajnirana za operatere (menad\u017eere flote, menad\u017eere logistike) koji imaju pristup za pra\u0107enje carinske procedure, dokumente (CMR, faktura itd.) vezane za odre\u0111enu po\u0161iljku.<\/p>\t\t\t\t\t\t\t\t<\/div>\n\t\t\t\t<\/div>\n\t\t\t\t\t<\/div>\n\t\t<\/div>\n\t\t\t\t<div class=\"elementor-column elementor-col-33 elementor-top-column elementor-element elementor-element-9fec389\" data-id=\"9fec389\" data-element_type=\"column\">\n\t\t\t<div class=\"elementor-widget-wrap elementor-element-populated\">\n\t\t\t\t\t\t<div class=\"elementor-element elementor-element-53ab989 elementor-widget elementor-widget-image\" data-id=\"53ab989\" data-element_type=\"widget\" data-widget_type=\"image.default\">\n\t\t\t\t<div class=\"elementor-widget-container\">\n\t\t\t\t\t\t\t\t\t\t\t\t\t\t\t<img decoding=\"async\" width=\"594\" height=\"579\" src=\"https:\/\/triviumgroup.eu\/wp-content\/uploads\/2023\/06\/saving-data_portal.jpg\" class=\"attachment-full size-full wp-image-25648\" alt=\"\" srcset=\"https:\/\/triviumgroup.eu\/wp-content\/uploads\/2023\/06\/saving-data_portal.jpg 594w, https:\/\/triviumgroup.eu\/wp-content\/uploads\/2023\/06\/saving-data_portal-300x292.jpg 300w\" sizes=\"(max-width: 594px) 100vw, 594px\" \/>\t\t\t\t\t\t\t\t\t\t\t\t\t\t\t<\/div>\n\t\t\t\t<\/div>\n\t\t\t\t<div class=\"elementor-element elementor-element-4dea650 elementor-widget elementor-widget-heading\" data-id=\"4dea650\" data-element_type=\"widget\" data-widget_type=\"heading.default\">\n\t\t\t\t<div class=\"elementor-widget-container\">\n\t\t\t\t\t<h4 class=\"elementor-heading-title elementor-size-default\">Zapo\u010dinjavanje novog carinskog postupka<\/h4>\t\t\t\t<\/div>\n\t\t\t\t<\/div>\n\t\t\t\t<div class=\"elementor-element elementor-element-b5ddd55 elementor-widget elementor-widget-text-editor\" data-id=\"b5ddd55\" data-element_type=\"widget\" data-widget_type=\"text-editor.default\">\n\t\t\t\t<div class=\"elementor-widget-container\">\n\t\t\t\t\t\t\t\t\t<p>Prilikom zapo\u010dinjanja novog carinskog postupka, klijenti treba da navedu odre\u0111ene osnovne podatke koji se odnose na odre\u0111enu robu.<\/p>\t\t\t\t\t\t\t\t<\/div>\n\t\t\t\t<\/div>\n\t\t\t\t\t<\/div>\n\t\t<\/div>\n\t\t\t\t<div class=\"elementor-column elementor-col-33 elementor-top-column elementor-element elementor-element-c3b8de4\" data-id=\"c3b8de4\" data-element_type=\"column\">\n\t\t\t<div class=\"elementor-widget-wrap elementor-element-populated\">\n\t\t\t\t\t\t<div class=\"elementor-element elementor-element-0af88f1 elementor-widget elementor-widget-image\" data-id=\"0af88f1\" data-element_type=\"widget\" data-widget_type=\"image.default\">\n\t\t\t\t<div class=\"elementor-widget-container\">\n\t\t\t\t\t\t\t\t\t\t\t\t\t\t\t<img loading=\"lazy\" decoding=\"async\" width=\"752\" height=\"779\" src=\"https:\/\/triviumgroup.eu\/wp-content\/uploads\/2023\/09\/portal_done_docs.jpg\" class=\"attachment-full size-full wp-image-26482\" alt=\"\" srcset=\"https:\/\/triviumgroup.eu\/wp-content\/uploads\/2023\/09\/portal_done_docs.jpg 752w, https:\/\/triviumgroup.eu\/wp-content\/uploads\/2023\/09\/portal_done_docs-290x300.jpg 290w, https:\/\/triviumgroup.eu\/wp-content\/uploads\/2023\/09\/portal_done_docs-600x622.jpg 600w\" sizes=\"(max-width: 752px) 100vw, 752px\" \/>\t\t\t\t\t\t\t\t\t\t\t\t\t\t\t<\/div>\n\t\t\t\t<\/div>\n\t\t\t\t<div class=\"elementor-element elementor-element-94e6bab elementor-widget elementor-widget-heading\" data-id=\"94e6bab\" data-element_type=\"widget\" data-widget_type=\"heading.default\">\n\t\t\t\t<div class=\"elementor-widget-container\">\n\t\t\t\t\t<h4 class=\"elementor-heading-title elementor-size-default\">Uru\u010divanje carinskih dokumenata<\/h4>\t\t\t\t<\/div>\n\t\t\t\t<\/div>\n\t\t\t\t<div class=\"elementor-element elementor-element-72020bd elementor-widget elementor-widget-text-editor\" data-id=\"72020bd\" data-element_type=\"widget\" data-widget_type=\"text-editor.default\">\n\t\t\t\t<div class=\"elementor-widget-container\">\n\t\t\t\t\t\t\t\t\t<p>Korisnik treba samo da klikne na pripremljene carinske dokumente i da ih preuzme sa Trivium portala.<\/p>\t\t\t\t\t\t\t\t<\/div>\n\t\t\t\t<\/div>\n\t\t\t\t\t<\/div>\n\t\t<\/div>\n\t\t\t\t\t<\/div>\n\t\t<\/section>\n\t\t\t\t<section class=\"elementor-section elementor-top-section elementor-element elementor-element-fj818ma elementor-section-boxed elementor-section-height-default elementor-section-height-default\" data-id=\"fj818ma\" data-element_type=\"section\">\n\t\t\t\t\t\t<div class=\"elementor-container elementor-column-gap-wide\">\n\t\t\t\t\t<div class=\"elementor-column elementor-col-50 elementor-top-column elementor-element elementor-element-e8c6ac4\" data-id=\"e8c6ac4\" data-element_type=\"column\">\n\t\t\t<div class=\"elementor-widget-wrap elementor-element-populated\">\n\t\t\t\t\t\t<div class=\"elementor-element elementor-element-dfec25a elementor-widget elementor-widget-heading\" data-id=\"dfec25a\" data-element_type=\"widget\" data-widget_type=\"heading.default\">\n\t\t\t\t<div class=\"elementor-widget-container\">\n\t\t\t\t\t<h2 class=\"elementor-heading-title elementor-size-default\">Kori\u0161\u0107enje Portala je jednostavno.<\/h2>\t\t\t\t<\/div>\n\t\t\t\t<\/div>\n\t\t\t\t<div class=\"elementor-element elementor-element-b9d0bf1 elementor-widget elementor-widget-text-editor\" data-id=\"b9d0bf1\" data-element_type=\"widget\" data-widget_type=\"text-editor.default\">\n\t\t\t\t<div class=\"elementor-widget-container\">\n\t\t\t\t\t\t\t\t\t<p>Na\u0161a Trivim Portal Desktop aplikacija je laka za kori\u0161\u0107enje, mo\u017eete brzo i jednostavno upravljati nalogom. Tako\u0111e korisnici koji se te\u017ee snalaze s modernom tehnologijom je mogu lako koristiti, pomo\u0107u jasnih komandi i instrukcija brzo \u0107ete se sna\u0107i.<\/p>\t\t\t\t\t\t\t\t<\/div>\n\t\t\t\t<\/div>\n\t\t\t\t\t<\/div>\n\t\t<\/div>\n\t\t\t\t<div class=\"elementor-column elementor-col-50 elementor-top-column elementor-element elementor-element-2851bf7\" data-id=\"2851bf7\" data-element_type=\"column\">\n\t\t\t<div class=\"elementor-widget-wrap elementor-element-populated\">\n\t\t\t\t\t\t<div class=\"elementor-element elementor-element-00b6c17 elementor-widget elementor-widget-video\" data-id=\"00b6c17\" data-element_type=\"widget\" data-settings=\"{&quot;video_type&quot;:&quot;hosted&quot;,&quot;autoplay&quot;:&quot;yes&quot;,&quot;play_on_mobile&quot;:&quot;yes&quot;,&quot;mute&quot;:&quot;yes&quot;,&quot;loop&quot;:&quot;yes&quot;}\" data-widget_type=\"video.default\">\n\t\t\t\t<div class=\"elementor-widget-container\">\n\t\t\t\t\t\t\t<div class=\"e-hosted-video elementor-wrapper elementor-open-inline\">\n\t\t\t\t\t<video class=\"elementor-video\" src=\"https:\/\/triviumgroup.eu\/wp-content\/uploads\/2023\/09\/new_transaction.mp4\" autoplay=\"\" loop=\"\" muted=\"muted\" playsinline=\"\" controlslist=\"nodownload\" poster=\"https:\/\/triviumgroup.eu\/wp-content\/uploads\/2023\/08\/istockphoto-1181407201-1024x1024-1.jpg\"><\/video>\n\t\t\t\t<\/div>\n\t\t\t\t\t\t<\/div>\n\t\t\t\t<\/div>\n\t\t\t\t\t<\/div>\n\t\t<\/div>\n\t\t\t\t\t<\/div>\n\t\t<\/section>\n\t\t\t\t<section class=\"elementor-section elementor-top-section elementor-element elementor-element-5q2aqep elementor-section-content-middle elementor-section-boxed elementor-section-height-default elementor-section-height-default\" data-id=\"5q2aqep\" data-element_type=\"section\" data-settings=\"{&quot;background_background&quot;:&quot;classic&quot;}\">\n\t\t\t\t\t\t<div class=\"elementor-container elementor-column-gap-default\">\n\t\t\t\t\t<div class=\"elementor-column elementor-col-100 elementor-top-column elementor-element elementor-element-a45eb33\" data-id=\"a45eb33\" data-element_type=\"column\">\n\t\t\t<div class=\"elementor-widget-wrap elementor-element-populated\">\n\t\t\t\t\t\t<div class=\"elementor-element elementor-element-ed4759e elementor-widget elementor-widget-heading\" data-id=\"ed4759e\" data-element_type=\"widget\" data-widget_type=\"heading.default\">\n\t\t\t\t<div class=\"elementor-widget-container\">\n\t\t\t\t\t<h2 class=\"elementor-heading-title elementor-size-default\">Kontaktirajte nas!<\/h2>\t\t\t\t<\/div>\n\t\t\t\t<\/div>\n\t\t\t\t<div class=\"elementor-element elementor-element-c4f7b91 elementor-widget elementor-widget-text-editor\" data-id=\"c4f7b91\" data-element_type=\"widget\" data-widget_type=\"text-editor.default\">\n\t\t\t\t<div class=\"elementor-widget-container\">\n\t\t\t\t\t\t\t\t\t<p>Ukoliko imate pitanja, stupite u kontakt sa nama! \n\u017delite da postanete partner Trivium grupacije, popunite kontakt formu i stru\u010dan tim \u0107e Vam iza\u0107i na susret u najkra\u0107em roku!<\/p>\t\t\t\t\t\t\t\t<\/div>\n\t\t\t\t<\/div>\n\t\t\t\t<div class=\"elementor-element elementor-element-bbdc8f2 elementor-align-center elementor-widget elementor-widget-button\" data-id=\"bbdc8f2\" data-element_type=\"widget\" data-widget_type=\"button.default\">\n\t\t\t\t<div class=\"elementor-widget-container\">\n\t\t\t\t\t\t\t\t\t<div class=\"elementor-button-wrapper\">\n\t\t\t\t\t<a class=\"elementor-button elementor-button-link elementor-size-sm\" href=\"https:\/\/triviumgroup.eu\/sr\/contact-us\/\">\n\t\t\t\t\t\t<span class=\"elementor-button-content-wrapper\">\n\t\t\t\t\t\t\t\t\t<span class=\"elementor-button-text\">Kako mo\u017eemo pomo\u0107i?<\/span>\n\t\t\t\t\t<\/span>\n\t\t\t\t\t<\/a>\n\t\t\t\t<\/div>\n\t\t\t\t\t\t\t\t<\/div>\n\t\t\t\t<\/div>\n\t\t\t\t\t<\/div>\n\t\t<\/div>\n\t\t\t\t\t<\/div>\n\t\t<\/section>\n\t\t\t\t<\/div>","protected":false},"excerpt":{"rendered":"<p>Trivium Portal Designed for real life Trivium Portal desktop application is mainly designed for opertors (fleet managers, logistic managers) who have access to the CMR and invoice documents which are related to the given shipment. Opening a new transaction By opening a new transaction Clients must specify certain basic data related to the given shipment &hellip;<\/p>\n<p class=\"read-more\"> <a class=\"\" href=\"https:\/\/triviumgroup.eu\/sr\/trivium-portal-desktop\/\"> <span class=\"screen-reader-text\">Trivium Portal Desktop<\/span> \u041f\u0440\u043e\u0447\u0438\u0442\u0430\u0458 \u0432\u0438\u0448\u0435 &raquo;<\/a><\/p>","protected":false},"author":1,"featured_media":0,"parent":0,"menu_order":0,"comment_status":"closed","ping_status":"closed","template":"","meta":{"_uag_custom_page_level_css":"","site-sidebar-layout":"no-sidebar","site-content-layout":"page-builder","ast-global-header-display":"","ast-banner-title-visibility":"","ast-main-header-display":"","ast-hfb-above-header-display":"","ast-hfb-below-header-display":"","ast-hfb-mobile-header-display":"","site-post-title":"disabled","ast-breadcrumbs-content":"","ast-featured-img":"disabled","footer-sml-layout":"","theme-transparent-header-meta":"","adv-header-id-meta":"","stick-header-meta":"","header-above-stick-meta":"","header-main-stick-meta":"","header-below-stick-meta":"","footnotes":""},"class_list":["post-26411","page","type-page","status-publish","hentry"],"uagb_featured_image_src":{"full":false,"thumbnail":false,"medium":false,"medium_large":false,"large":false,"1536x1536":false,"2048x2048":false,"trp-custom-language-flag":false,"woocommerce_thumbnail":false,"woocommerce_single":false,"woocommerce_gallery_thumbnail":false},"uagb_author_info":{"display_name":"HR","author_link":"https:\/\/triviumgroup.eu\/sr\/author\/penzugy\/"},"uagb_comment_info":0,"uagb_excerpt":"Trivium Portal Designed for real life Trivium Portal desktop application is mainly designed for opertors (fleet managers, logistic managers) who have access to the CMR and invoice documents which are related to the given shipment. Opening a new transaction By opening a new transaction Clients must specify certain basic data related to the given shipment&hellip;","_links":{"self":[{"href":"https:\/\/triviumgroup.eu\/sr\/wp-json\/wp\/v2\/pages\/26411","targetHints":{"allow":["GET"]}}],"collection":[{"href":"https:\/\/triviumgroup.eu\/sr\/wp-json\/wp\/v2\/pages"}],"about":[{"href":"https:\/\/triviumgroup.eu\/sr\/wp-json\/wp\/v2\/types\/page"}],"author":[{"embeddable":true,"href":"https:\/\/triviumgroup.eu\/sr\/wp-json\/wp\/v2\/users\/1"}],"replies":[{"embeddable":true,"href":"https:\/\/triviumgroup.eu\/sr\/wp-json\/wp\/v2\/comments?post=26411"}],"version-history":[{"count":5,"href":"https:\/\/triviumgroup.eu\/sr\/wp-json\/wp\/v2\/pages\/26411\/revisions"}],"predecessor-version":[{"id":26767,"href":"https:\/\/triviumgroup.eu\/sr\/wp-json\/wp\/v2\/pages\/26411\/revisions\/26767"}],"wp:attachment":[{"href":"https:\/\/triviumgroup.eu\/sr\/wp-json\/wp\/v2\/media?parent=26411"}],"curies":[{"name":"wp","href":"https:\/\/api.w.org\/{rel}","templated":true}]}}