{"id":26463,"date":"2023-09-04T19:34:14","date_gmt":"2023-09-04T19:34:14","guid":{"rendered":"https:\/\/triviumgroup.eu\/?page_id=26463"},"modified":"2023-09-20T14:41:21","modified_gmt":"2023-09-20T14:41:21","slug":"kiosk","status":"publish","type":"page","link":"https:\/\/triviumgroup.eu\/hu\/kiosk\/","title":{"rendered":"Kiosk"},"content":{"rendered":"<div data-elementor-type=\"wp-page\" data-elementor-id=\"26463\" class=\"elementor elementor-26463\">\n\t\t\t\t\t\t<section class=\"elementor-section elementor-top-section elementor-element elementor-element-ymcmmmd elementor-section-height-min-height elementor-section-boxed elementor-section-height-default elementor-section-items-middle\" data-id=\"ymcmmmd\" data-element_type=\"section\" data-settings=\"{&quot;background_background&quot;:&quot;video&quot;,&quot;background_video_link&quot;:&quot;https:\\\/\\\/youtu.be\\\/NXxf7Y-JsSY&quot;}\">\n\t\t\t\t\t\t\t\t<div class=\"elementor-background-video-container elementor-hidden-mobile\">\n\t\t\t\t\t\t\t\t\t\t\t\t\t<div class=\"elementor-background-video-embed\"><\/div>\n\t\t\t\t\t\t\t\t\t\t\t\t<\/div>\n\t\t\t\t\t\t\t\t\t<div class=\"elementor-background-overlay\"><\/div>\n\t\t\t\t\t\t\t<div class=\"elementor-container elementor-column-gap-no\">\n\t\t\t\t\t<div class=\"elementor-column elementor-col-100 elementor-top-column elementor-element elementor-element-6f6a47a9\" data-id=\"6f6a47a9\" data-element_type=\"column\">\n\t\t\t<div class=\"elementor-widget-wrap elementor-element-populated\">\n\t\t\t\t\t\t<div class=\"elementor-element elementor-element-74d36843 elementor-widget elementor-widget-heading\" data-id=\"74d36843\" data-element_type=\"widget\" data-widget_type=\"heading.default\">\n\t\t\t\t<div class=\"elementor-widget-container\">\n\t\t\t\t\t<h2 class=\"elementor-heading-title elementor-size-default\">Trivium Kiosk Termin\u00e1lok<\/h2>\t\t\t\t<\/div>\n\t\t\t\t<\/div>\n\t\t\t\t<div class=\"elementor-element elementor-element-da98eec elementor-widget elementor-widget-image-box\" data-id=\"da98eec\" data-element_type=\"widget\" data-widget_type=\"image-box.default\">\n\t\t\t\t<div class=\"elementor-widget-container\">\n\t\t\t\t\t<div class=\"elementor-image-box-wrapper\"><div class=\"elementor-image-box-content\"><h1 class=\"elementor-image-box-title\">A pap\u00edr alap\u00fa \u00fcgyint\u00e9z\u00e9s m\u00e1r a m\u00falt\u00e9 <\/h1><p class=\"elementor-image-box-description\">Adja meg a g\u00e9pkocsivezet\u0151inek a lehet\u0151s\u00e9get a v\u00e1mfolyamatok k\u00f6vet\u00e9s\u00e9re \u00e9s \u00fctemez\u00e9s\u00e9re.<\/p><\/div><\/div>\t\t\t\t<\/div>\n\t\t\t\t<\/div>\n\t\t\t\t<section class=\"elementor-section elementor-inner-section elementor-element elementor-element-143e9c37 elementor-section-boxed elementor-section-height-default elementor-section-height-default\" data-id=\"143e9c37\" data-element_type=\"section\">\n\t\t\t\t\t\t<div class=\"elementor-container elementor-column-gap-no\">\n\t\t\t\t\t<div class=\"elementor-column elementor-col-50 elementor-inner-column elementor-element elementor-element-5acde085\" data-id=\"5acde085\" data-element_type=\"column\">\n\t\t\t<div class=\"elementor-widget-wrap elementor-element-populated\">\n\t\t\t\t\t\t<div class=\"elementor-element elementor-element-31fcced2 elementor-align-center elementor-mobile-align-center elementor-widget elementor-widget-button\" data-id=\"31fcced2\" data-element_type=\"widget\" data-widget_type=\"button.default\">\n\t\t\t\t<div class=\"elementor-widget-container\">\n\t\t\t\t\t\t\t\t\t<div class=\"elementor-button-wrapper\">\n\t\t\t\t\t<a class=\"elementor-button elementor-button-link elementor-size-lg\" href=\"https:\/\/triviumgroup.eu\/hu\/e-customs-products\/\">\n\t\t\t\t\t\t<span class=\"elementor-button-content-wrapper\">\n\t\t\t\t\t\t\t\t\t<span class=\"elementor-button-text\">Szolg\u00e1ltat\u00e1saink<\/span>\n\t\t\t\t\t<\/span>\n\t\t\t\t\t<\/a>\n\t\t\t\t<\/div>\n\t\t\t\t\t\t\t\t<\/div>\n\t\t\t\t<\/div>\n\t\t\t\t\t<\/div>\n\t\t<\/div>\n\t\t\t\t<div class=\"elementor-column elementor-col-50 elementor-inner-column elementor-element elementor-element-6e649c\" data-id=\"6e649c\" data-element_type=\"column\">\n\t\t\t<div class=\"elementor-widget-wrap elementor-element-populated\">\n\t\t\t\t\t\t<div class=\"elementor-element elementor-element-5b930ae3 elementor-align-center elementor-mobile-align-center elementor-widget elementor-widget-button\" data-id=\"5b930ae3\" data-element_type=\"widget\" data-widget_type=\"button.default\">\n\t\t\t\t<div class=\"elementor-widget-container\">\n\t\t\t\t\t\t\t\t\t<div class=\"elementor-button-wrapper\">\n\t\t\t\t\t<a class=\"elementor-button elementor-button-link elementor-size-lg\" href=\"https:\/\/triviumgroup.eu\/hu\/about-us\/\">\n\t\t\t\t\t\t<span class=\"elementor-button-content-wrapper\">\n\t\t\t\t\t\t\t\t\t<span class=\"elementor-button-text\">R\u00f3lunk<\/span>\n\t\t\t\t\t<\/span>\n\t\t\t\t\t<\/a>\n\t\t\t\t<\/div>\n\t\t\t\t\t\t\t\t<\/div>\n\t\t\t\t<\/div>\n\t\t\t\t\t<\/div>\n\t\t<\/div>\n\t\t\t\t\t<\/div>\n\t\t<\/section>\n\t\t\t\t\t<\/div>\n\t\t<\/div>\n\t\t\t\t\t<\/div>\n\t\t<\/section>\n\t\t\t\t<section class=\"elementor-section elementor-top-section elementor-element elementor-element-j3rmfzv elementor-section-boxed elementor-section-height-default elementor-section-height-default\" data-id=\"j3rmfzv\" data-element_type=\"section\" data-settings=\"{&quot;background_background&quot;:&quot;classic&quot;}\">\n\t\t\t\t\t\t\t<div class=\"elementor-background-overlay\"><\/div>\n\t\t\t\t\t\t\t<div class=\"elementor-container elementor-column-gap-no\">\n\t\t\t\t\t<div class=\"elementor-column elementor-col-33 elementor-top-column elementor-element elementor-element-ecf0f71\" data-id=\"ecf0f71\" data-element_type=\"column\">\n\t\t\t<div class=\"elementor-widget-wrap elementor-element-populated\">\n\t\t\t\t\t<div class=\"elementor-background-overlay\"><\/div>\n\t\t\t\t\t\t<div class=\"elementor-element elementor-element-086ceac elementor-widget elementor-widget-image\" data-id=\"086ceac\" data-element_type=\"widget\" data-widget_type=\"image.default\">\n\t\t\t\t<div class=\"elementor-widget-container\">\n\t\t\t\t\t\t\t\t\t\t\t\t\t\t\t<img fetchpriority=\"high\" decoding=\"async\" width=\"1184\" height=\"1184\" src=\"https:\/\/triviumgroup.eu\/wp-content\/uploads\/2023\/07\/KIOSK-matrica.1.jpg\" class=\"attachment-full size-full wp-image-25771\" alt=\"\" srcset=\"https:\/\/triviumgroup.eu\/wp-content\/uploads\/2023\/07\/KIOSK-matrica.1.jpg 1184w, https:\/\/triviumgroup.eu\/wp-content\/uploads\/2023\/07\/KIOSK-matrica.1-300x300.jpg 300w, https:\/\/triviumgroup.eu\/wp-content\/uploads\/2023\/07\/KIOSK-matrica.1-1024x1024.jpg 1024w, https:\/\/triviumgroup.eu\/wp-content\/uploads\/2023\/07\/KIOSK-matrica.1-150x150.jpg 150w, https:\/\/triviumgroup.eu\/wp-content\/uploads\/2023\/07\/KIOSK-matrica.1-768x768.jpg 768w, https:\/\/triviumgroup.eu\/wp-content\/uploads\/2023\/07\/KIOSK-matrica.1-600x600.jpg 600w, https:\/\/triviumgroup.eu\/wp-content\/uploads\/2023\/07\/KIOSK-matrica.1-100x100.jpg 100w\" sizes=\"(max-width: 1184px) 100vw, 1184px\" \/>\t\t\t\t\t\t\t\t\t\t\t\t\t\t\t<\/div>\n\t\t\t\t<\/div>\n\t\t\t\t<div class=\"elementor-element elementor-element-e180761 elementor-widget elementor-widget-text-editor\" data-id=\"e180761\" data-element_type=\"widget\" data-widget_type=\"text-editor.default\">\n\t\t\t\t<div class=\"elementor-widget-container\">\n\t\t\t\t\t\t\t\t\t<p>B\u00e1r a legt\u00f6bb v\u00e1melj\u00e1r\u00e1s az Uni\u00f3ban elektronikus, egyes v\u00e1mhivatalok m\u00e9gis megk\u00f6vetelik a pap\u00edr alap\u00fa dokument\u00e1ci\u00f3 beny\u00fajt\u00e1s\u00e1t. A g\u00e9pkocsivezet\u0151k a Trivium Kiosk Termin\u00e1lok seg\u00edts\u00e9g\u00e9vel saj\u00e1t maguk tudj\u00e1k v\u00e1mokm\u00e1nyaikat kinyomtatni.\u00a0<\/p>\t\t\t\t\t\t\t\t<\/div>\n\t\t\t\t<\/div>\n\t\t\t\t\t<\/div>\n\t\t<\/div>\n\t\t\t\t<div class=\"elementor-column elementor-col-33 elementor-top-column elementor-element elementor-element-8ee04f9\" data-id=\"8ee04f9\" data-element_type=\"column\">\n\t\t\t<div class=\"elementor-widget-wrap elementor-element-populated\">\n\t\t\t\t\t<div class=\"elementor-background-overlay\"><\/div>\n\t\t\t\t\t\t<div class=\"elementor-element elementor-element-e8f8259 elementor-widget elementor-widget-image\" data-id=\"e8f8259\" data-element_type=\"widget\" data-widget_type=\"image.default\">\n\t\t\t\t<div class=\"elementor-widget-container\">\n\t\t\t\t\t\t\t\t\t\t\t\t\t\t\t<img decoding=\"async\" width=\"768\" height=\"1024\" src=\"https:\/\/triviumgroup.eu\/wp-content\/uploads\/2023\/07\/kiosk_office-768x1024.jpg\" class=\"attachment-large size-large wp-image-25878\" alt=\"\" srcset=\"https:\/\/triviumgroup.eu\/wp-content\/uploads\/2023\/07\/kiosk_office-768x1024.jpg 768w, https:\/\/triviumgroup.eu\/wp-content\/uploads\/2023\/07\/kiosk_office-225x300.jpg 225w, https:\/\/triviumgroup.eu\/wp-content\/uploads\/2023\/07\/kiosk_office-scaled.jpg 1920w\" sizes=\"(max-width: 768px) 100vw, 768px\" \/>\t\t\t\t\t\t\t\t\t\t\t\t\t\t\t<\/div>\n\t\t\t\t<\/div>\n\t\t\t\t<div class=\"elementor-element elementor-element-d52854a elementor-widget elementor-widget-text-editor\" data-id=\"d52854a\" data-element_type=\"widget\" data-widget_type=\"text-editor.default\">\n\t\t\t\t<div class=\"elementor-widget-container\">\n\t\t\t\t\t\t\t\t\t<p>Folyamatosan n\u00f6vekv\u0151 sz\u00e1m\u00fa helysz\u00ednen \u00e9rhet\u0151ek el Kioszk Termin\u00e1ljaink.<\/p>\t\t\t\t\t\t\t\t<\/div>\n\t\t\t\t<\/div>\n\t\t\t\t\t<\/div>\n\t\t<\/div>\n\t\t\t\t<div class=\"elementor-column elementor-col-33 elementor-top-column elementor-element elementor-element-aaf2547\" data-id=\"aaf2547\" data-element_type=\"column\">\n\t\t\t<div class=\"elementor-widget-wrap elementor-element-populated\">\n\t\t\t\t\t<div class=\"elementor-background-overlay\"><\/div>\n\t\t\t\t\t\t<div class=\"elementor-element elementor-element-da36177 elementor-widget elementor-widget-image\" data-id=\"da36177\" data-element_type=\"widget\" data-widget_type=\"image.default\">\n\t\t\t\t<div class=\"elementor-widget-container\">\n\t\t\t\t\t\t\t\t\t\t\t\t\t\t\t<img decoding=\"async\" width=\"589\" height=\"814\" src=\"https:\/\/triviumgroup.eu\/wp-content\/uploads\/2023\/09\/kiosk_interface.jpg\" class=\"attachment-large size-large wp-image-26478\" alt=\"\" srcset=\"https:\/\/triviumgroup.eu\/wp-content\/uploads\/2023\/09\/kiosk_interface.jpg 589w, https:\/\/triviumgroup.eu\/wp-content\/uploads\/2023\/09\/kiosk_interface-217x300.jpg 217w\" sizes=\"(max-width: 589px) 100vw, 589px\" \/>\t\t\t\t\t\t\t\t\t\t\t\t\t\t\t<\/div>\n\t\t\t\t<\/div>\n\t\t\t\t<div class=\"elementor-element elementor-element-0d84a0a elementor-widget elementor-widget-text-editor\" data-id=\"0d84a0a\" data-element_type=\"widget\" data-widget_type=\"text-editor.default\">\n\t\t\t\t<div class=\"elementor-widget-container\">\n\t\t\t\t\t\t\t\t\t<p>A g\u00e9pkocsivezet\u0151knek csak meg kell adniuk rendsz\u00e1m adatukat a Kiosk Termin\u00e1l k\u00e9perny\u0151j\u00e9n \u00e9s a v\u00e1m\u00e1runyilatkozat automatikusan kinyomtat\u00f3dik.<\/p>\t\t\t\t\t\t\t\t<\/div>\n\t\t\t\t<\/div>\n\t\t\t\t\t<\/div>\n\t\t<\/div>\n\t\t\t\t\t<\/div>\n\t\t<\/section>\n\t\t\t\t<section class=\"elementor-section elementor-top-section elementor-element elementor-element-c0yjrpu elementor-section-boxed elementor-section-height-default elementor-section-height-default\" data-id=\"c0yjrpu\" data-element_type=\"section\" data-settings=\"{&quot;background_background&quot;:&quot;classic&quot;}\">\n\t\t\t\t\t\t\t<div class=\"elementor-background-overlay\"><\/div>\n\t\t\t\t\t\t\t<div class=\"elementor-container elementor-column-gap-no\">\n\t\t\t\t\t<div class=\"elementor-column elementor-col-100 elementor-top-column elementor-element elementor-element-7940ca75\" data-id=\"7940ca75\" data-element_type=\"column\">\n\t\t\t<div class=\"elementor-widget-wrap elementor-element-populated\">\n\t\t\t\t\t\t<div class=\"elementor-element elementor-element-d73361e elementor-widget elementor-widget-image-box\" data-id=\"d73361e\" data-element_type=\"widget\" data-widget_type=\"image-box.default\">\n\t\t\t\t<div class=\"elementor-widget-container\">\n\t\t\t\t\t<div class=\"elementor-image-box-wrapper\"><div class=\"elementor-image-box-content\"><h2 class=\"elementor-image-box-title\">L\u00e9pjen vel\u00fcnk kapcsolatba<\/h2><p class=\"elementor-image-box-description\">K\u00e9rd\u00e9se van? \u00d6r\u00f6mmel konzult\u00e1lunk \u00d6nnel egy\u00e9ni ig\u00e9nyeir\u0151l, \u00faj projektjeir\u0151l.<\/p><\/div><\/div>\t\t\t\t<\/div>\n\t\t\t\t<\/div>\n\t\t\t\t<div class=\"elementor-element elementor-element-1ad749e1 elementor-align-center elementor-widget elementor-widget-button\" data-id=\"1ad749e1\" data-element_type=\"widget\" data-widget_type=\"button.default\">\n\t\t\t\t<div class=\"elementor-widget-container\">\n\t\t\t\t\t\t\t\t\t<div class=\"elementor-button-wrapper\">\n\t\t\t\t\t<a class=\"elementor-button elementor-button-link elementor-size-lg\" href=\"https:\/\/triviumgroup.eu\/hu\/contact-us\/\">\n\t\t\t\t\t\t<span class=\"elementor-button-content-wrapper\">\n\t\t\t\t\t\t\t\t\t<span class=\"elementor-button-text\">Kapcsolatfelv\u00e9tel<\/span>\n\t\t\t\t\t<\/span>\n\t\t\t\t\t<\/a>\n\t\t\t\t<\/div>\n\t\t\t\t\t\t\t\t<\/div>\n\t\t\t\t<\/div>\n\t\t\t\t\t<\/div>\n\t\t<\/div>\n\t\t\t\t\t<\/div>\n\t\t<\/section>\n\t\t\t\t<\/div>","protected":false},"excerpt":{"rendered":"<p>Trivium Kiosk Terminals Gone are the days of waiting for paperwork. Empower your drivers to take control of their documentation, providing them with convenience and independence at every stop. Services About Us Although customs with EU is mostly electronic by certain customs offices a paper based declaration is still required. Trivium KIOSK Terminals enable drivers &hellip;<\/p>\n<p class=\"read-more\"> <a class=\"\" href=\"https:\/\/triviumgroup.eu\/hu\/kiosk\/\"> <span class=\"screen-reader-text\">Kiosk<\/span> Read More &raquo;<\/a><\/p>","protected":false},"author":1,"featured_media":0,"parent":0,"menu_order":0,"comment_status":"closed","ping_status":"closed","template":"","meta":{"_uag_custom_page_level_css":"","site-sidebar-layout":"no-sidebar","site-content-layout":"page-builder","ast-global-header-display":"","ast-banner-title-visibility":"","ast-main-header-display":"","ast-hfb-above-header-display":"","ast-hfb-below-header-display":"","ast-hfb-mobile-header-display":"","site-post-title":"disabled","ast-breadcrumbs-content":"","ast-featured-img":"disabled","footer-sml-layout":"","theme-transparent-header-meta":"","adv-header-id-meta":"","stick-header-meta":"","header-above-stick-meta":"","header-main-stick-meta":"","header-below-stick-meta":"","footnotes":""},"class_list":["post-26463","page","type-page","status-publish","hentry"],"uagb_featured_image_src":{"full":false,"thumbnail":false,"medium":false,"medium_large":false,"large":false,"1536x1536":false,"2048x2048":false,"trp-custom-language-flag":false,"woocommerce_thumbnail":false,"woocommerce_single":false,"woocommerce_gallery_thumbnail":false},"uagb_author_info":{"display_name":"HR","author_link":"https:\/\/triviumgroup.eu\/hu\/author\/penzugy\/"},"uagb_comment_info":0,"uagb_excerpt":"Trivium Kiosk Terminals Gone are the days of waiting for paperwork. Empower your drivers to take control of their documentation, providing them with convenience and independence at every stop. Services About Us Although customs with EU is mostly electronic by certain customs offices a paper based declaration is still required. Trivium KIOSK Terminals enable drivers&hellip;","_links":{"self":[{"href":"https:\/\/triviumgroup.eu\/hu\/wp-json\/wp\/v2\/pages\/26463","targetHints":{"allow":["GET"]}}],"collection":[{"href":"https:\/\/triviumgroup.eu\/hu\/wp-json\/wp\/v2\/pages"}],"about":[{"href":"https:\/\/triviumgroup.eu\/hu\/wp-json\/wp\/v2\/types\/page"}],"author":[{"embeddable":true,"href":"https:\/\/triviumgroup.eu\/hu\/wp-json\/wp\/v2\/users\/1"}],"replies":[{"embeddable":true,"href":"https:\/\/triviumgroup.eu\/hu\/wp-json\/wp\/v2\/comments?post=26463"}],"version-history":[{"count":5,"href":"https:\/\/triviumgroup.eu\/hu\/wp-json\/wp\/v2\/pages\/26463\/revisions"}],"predecessor-version":[{"id":26664,"href":"https:\/\/triviumgroup.eu\/hu\/wp-json\/wp\/v2\/pages\/26463\/revisions\/26664"}],"wp:attachment":[{"href":"https:\/\/triviumgroup.eu\/hu\/wp-json\/wp\/v2\/media?parent=26463"}],"curies":[{"name":"wp","href":"https:\/\/api.w.org\/{rel}","templated":true}]}}