{"id":25226,"date":"2023-05-13T13:27:20","date_gmt":"2023-05-13T13:27:20","guid":{"rendered":"https:\/\/triviumgroup.eu\/?page_id=25226"},"modified":"2023-09-22T11:43:55","modified_gmt":"2023-09-22T11:43:55","slug":"on-site-locations","status":"publish","type":"page","link":"https:\/\/triviumgroup.eu\/hu\/on-site-locations\/","title":{"rendered":"H\u00e1l\u00f3zati pontok"},"content":{"rendered":"<div data-elementor-type=\"wp-page\" data-elementor-id=\"25226\" class=\"elementor elementor-25226\">\n\t\t\t\t\t\t<section class=\"elementor-section elementor-top-section elementor-element elementor-element-2240dip elementor-section-boxed elementor-section-height-default elementor-section-height-default\" data-id=\"2240dip\" data-element_type=\"section\" data-settings=\"{&quot;background_background&quot;:&quot;classic&quot;}\">\n\t\t\t\t\t\t<div class=\"elementor-container elementor-column-gap-no\">\n\t\t\t\t\t<div class=\"elementor-column elementor-col-100 elementor-top-column elementor-element elementor-element-154ac817\" data-id=\"154ac817\" data-element_type=\"column\">\n\t\t\t<div class=\"elementor-widget-wrap elementor-element-populated\">\n\t\t\t\t\t\t<div class=\"elementor-element elementor-element-778bfb43 elementor-widget elementor-widget-heading\" data-id=\"778bfb43\" data-element_type=\"widget\" data-widget_type=\"heading.default\">\n\t\t\t\t<div class=\"elementor-widget-container\">\n\t\t\t\t\t<h2 class=\"elementor-heading-title elementor-size-default\">Miben seg\u00edthet\u00fcnk ?<\/h2>\t\t\t\t<\/div>\n\t\t\t\t<\/div>\n\t\t\t\t<div class=\"elementor-element elementor-element-a656dcc elementor-widget elementor-widget-heading\" data-id=\"a656dcc\" data-element_type=\"widget\" data-widget_type=\"heading.default\">\n\t\t\t\t<div class=\"elementor-widget-container\">\n\t\t\t\t\t<h3 class=\"elementor-heading-title elementor-size-default\">V\u00e1rjuk \u00d6nt \u00fcgyf\u00e9lszolg\u00e1lati irod\u00e1inkban!<\/h3>\t\t\t\t<\/div>\n\t\t\t\t<\/div>\n\t\t\t\t\t<\/div>\n\t\t<\/div>\n\t\t\t\t\t<\/div>\n\t\t<\/section>\n\t\t\t\t<section class=\"elementor-section elementor-top-section elementor-element elementor-element-5p7iak6 elementor-section-content-middle elementor-section-boxed elementor-section-height-default elementor-section-height-default\" data-id=\"5p7iak6\" data-element_type=\"section\" data-settings=\"{&quot;background_background&quot;:&quot;classic&quot;}\">\n\t\t\t\t\t\t\t<div class=\"elementor-background-overlay\"><\/div>\n\t\t\t\t\t\t\t<div class=\"elementor-container elementor-column-gap-wide\">\n\t\t\t\t\t<div class=\"elementor-column elementor-col-25 elementor-top-column elementor-element elementor-element-b262852\" data-id=\"b262852\" data-element_type=\"column\">\n\t\t\t<div class=\"elementor-widget-wrap elementor-element-populated\">\n\t\t\t\t\t\t<div class=\"elementor-element elementor-element-34933a9 elementor-widget elementor-widget-image\" data-id=\"34933a9\" data-element_type=\"widget\" data-widget_type=\"image.default\">\n\t\t\t\t<div class=\"elementor-widget-container\">\n\t\t\t\t\t\t\t\t\t\t\t\t\t\t\t<img fetchpriority=\"high\" decoding=\"async\" width=\"1024\" height=\"540\" src=\"https:\/\/triviumgroup.eu\/wp-content\/uploads\/2023\/07\/iStock-1397803554-1024x540.jpg\" class=\"attachment-large size-large wp-image-25921\" alt=\"\" srcset=\"https:\/\/triviumgroup.eu\/wp-content\/uploads\/2023\/07\/iStock-1397803554-1024x540.jpg 1024w, https:\/\/triviumgroup.eu\/wp-content\/uploads\/2023\/07\/iStock-1397803554-300x158.jpg 300w, https:\/\/triviumgroup.eu\/wp-content\/uploads\/2023\/07\/iStock-1397803554-768x405.jpg 768w, https:\/\/triviumgroup.eu\/wp-content\/uploads\/2023\/07\/iStock-1397803554-1536x810.jpg 1536w, https:\/\/triviumgroup.eu\/wp-content\/uploads\/2023\/07\/iStock-1397803554-2048x1080.jpg 2048w, https:\/\/triviumgroup.eu\/wp-content\/uploads\/2023\/07\/iStock-1397803554-600x316.jpg 600w\" sizes=\"(max-width: 1024px) 100vw, 1024px\" \/>\t\t\t\t\t\t\t\t\t\t\t\t\t\t\t<\/div>\n\t\t\t\t<\/div>\n\t\t\t\t<div class=\"elementor-element elementor-element-7dff79f elementor-widget__width-initial elementor-widget elementor-widget-heading\" data-id=\"7dff79f\" data-element_type=\"widget\" data-widget_type=\"heading.default\">\n\t\t\t\t<div class=\"elementor-widget-container\">\n\t\t\t\t\t<h3 class=\"elementor-heading-title elementor-size-default\"><a href=\"https:\/\/triviumgroup.eu\/hu\/onsite-hungary\/\">\u00dcgyf\u00e9lszolg\u00e1lati irod\u00e1k Magyarorsz\u00e1gon<\/a><\/h3>\t\t\t\t<\/div>\n\t\t\t\t<\/div>\n\t\t\t\t\t<\/div>\n\t\t<\/div>\n\t\t\t\t<div class=\"elementor-column elementor-col-25 elementor-top-column elementor-element elementor-element-cd80680\" data-id=\"cd80680\" data-element_type=\"column\">\n\t\t\t<div class=\"elementor-widget-wrap elementor-element-populated\">\n\t\t\t\t\t\t<div class=\"elementor-element elementor-element-cf5f8fc elementor-widget elementor-widget-image\" data-id=\"cf5f8fc\" data-element_type=\"widget\" data-widget_type=\"image.default\">\n\t\t\t\t<div class=\"elementor-widget-container\">\n\t\t\t\t\t\t\t\t\t\t\t\t\t\t\t<img decoding=\"async\" width=\"1024\" height=\"540\" src=\"https:\/\/triviumgroup.eu\/wp-content\/uploads\/2023\/06\/iStock-1499781860-1024x540.jpg\" class=\"attachment-large size-large wp-image-25703\" alt=\"\" srcset=\"https:\/\/triviumgroup.eu\/wp-content\/uploads\/2023\/06\/iStock-1499781860-1024x540.jpg 1024w, https:\/\/triviumgroup.eu\/wp-content\/uploads\/2023\/06\/iStock-1499781860-300x158.jpg 300w, https:\/\/triviumgroup.eu\/wp-content\/uploads\/2023\/06\/iStock-1499781860-768x405.jpg 768w, https:\/\/triviumgroup.eu\/wp-content\/uploads\/2023\/06\/iStock-1499781860-1536x810.jpg 1536w, https:\/\/triviumgroup.eu\/wp-content\/uploads\/2023\/06\/iStock-1499781860-2048x1080.jpg 2048w, https:\/\/triviumgroup.eu\/wp-content\/uploads\/2023\/06\/iStock-1499781860-600x316.jpg 600w\" sizes=\"(max-width: 1024px) 100vw, 1024px\" \/>\t\t\t\t\t\t\t\t\t\t\t\t\t\t\t<\/div>\n\t\t\t\t<\/div>\n\t\t\t\t<div class=\"elementor-element elementor-element-cee9f99 elementor-widget elementor-widget-heading\" data-id=\"cee9f99\" data-element_type=\"widget\" data-widget_type=\"heading.default\">\n\t\t\t\t<div class=\"elementor-widget-container\">\n\t\t\t\t\t<h3 class=\"elementor-heading-title elementor-size-default\"><a href=\"https:\/\/triviumgroup.eu\/hu\/onsite-hr\/\">\u00dcgyf\u00e9lszolg\u00e1lati partner pontok Horv\u00e1torsz\u00e1gban<\/a><\/h3>\t\t\t\t<\/div>\n\t\t\t\t<\/div>\n\t\t\t\t\t<\/div>\n\t\t<\/div>\n\t\t\t\t<div class=\"elementor-column elementor-col-25 elementor-top-column elementor-element elementor-element-51c3c3b\" data-id=\"51c3c3b\" data-element_type=\"column\">\n\t\t\t<div class=\"elementor-widget-wrap elementor-element-populated\">\n\t\t\t\t\t\t<div class=\"elementor-element elementor-element-b8ec32e elementor-widget elementor-widget-image\" data-id=\"b8ec32e\" data-element_type=\"widget\" data-widget_type=\"image.default\">\n\t\t\t\t<div class=\"elementor-widget-container\">\n\t\t\t\t\t\t\t\t\t\t\t\t\t\t\t<img decoding=\"async\" width=\"1024\" height=\"683\" src=\"https:\/\/triviumgroup.eu\/wp-content\/uploads\/2023\/06\/iStock-507298404-1024x683.jpg\" class=\"attachment-large size-large wp-image-25701\" alt=\"\" srcset=\"https:\/\/triviumgroup.eu\/wp-content\/uploads\/2023\/06\/iStock-507298404-1024x683.jpg 1024w, https:\/\/triviumgroup.eu\/wp-content\/uploads\/2023\/06\/iStock-507298404-300x200.jpg 300w, https:\/\/triviumgroup.eu\/wp-content\/uploads\/2023\/06\/iStock-507298404-768x512.jpg 768w, https:\/\/triviumgroup.eu\/wp-content\/uploads\/2023\/06\/iStock-507298404-1536x1024.jpg 1536w\" sizes=\"(max-width: 1024px) 100vw, 1024px\" \/>\t\t\t\t\t\t\t\t\t\t\t\t\t\t\t<\/div>\n\t\t\t\t<\/div>\n\t\t\t\t<div class=\"elementor-element elementor-element-70aca73 elementor-widget__width-initial elementor-widget elementor-widget-heading\" data-id=\"70aca73\" data-element_type=\"widget\" data-widget_type=\"heading.default\">\n\t\t\t\t<div class=\"elementor-widget-container\">\n\t\t\t\t\t<h3 class=\"elementor-heading-title elementor-size-default\"><a href=\"https:\/\/triviumgroup.eu\/hu\/onsite_srb\/\">\u00dcgyf\u00e9lszolg\u00e1lati partner pontok Szerbi\u00e1ban<\/a><\/h3>\t\t\t\t<\/div>\n\t\t\t\t<\/div>\n\t\t\t\t\t<\/div>\n\t\t<\/div>\n\t\t\t\t<div class=\"elementor-column elementor-col-25 elementor-top-column elementor-element elementor-element-117cf56\" data-id=\"117cf56\" data-element_type=\"column\">\n\t\t\t<div class=\"elementor-widget-wrap elementor-element-populated\">\n\t\t\t\t\t\t<div class=\"elementor-element elementor-element-3331fc4 elementor-widget elementor-widget-image\" data-id=\"3331fc4\" data-element_type=\"widget\" data-widget_type=\"image.default\">\n\t\t\t\t<div class=\"elementor-widget-container\">\n\t\t\t\t\t\t\t\t\t\t\t\t\t\t\t<img loading=\"lazy\" decoding=\"async\" width=\"2560\" height=\"1350\" src=\"https:\/\/triviumgroup.eu\/wp-content\/uploads\/2023\/06\/iStock-1317750210-scaled.jpg\" class=\"attachment-full size-full wp-image-25702\" alt=\"\" srcset=\"https:\/\/triviumgroup.eu\/wp-content\/uploads\/2023\/06\/iStock-1317750210-scaled.jpg 2560w, https:\/\/triviumgroup.eu\/wp-content\/uploads\/2023\/06\/iStock-1317750210-300x158.jpg 300w, https:\/\/triviumgroup.eu\/wp-content\/uploads\/2023\/06\/iStock-1317750210-1024x540.jpg 1024w, https:\/\/triviumgroup.eu\/wp-content\/uploads\/2023\/06\/iStock-1317750210-768x405.jpg 768w, https:\/\/triviumgroup.eu\/wp-content\/uploads\/2023\/06\/iStock-1317750210-1536x810.jpg 1536w, https:\/\/triviumgroup.eu\/wp-content\/uploads\/2023\/06\/iStock-1317750210-2048x1080.jpg 2048w, https:\/\/triviumgroup.eu\/wp-content\/uploads\/2023\/06\/iStock-1317750210-600x316.jpg 600w\" sizes=\"(max-width: 2560px) 100vw, 2560px\" \/>\t\t\t\t\t\t\t\t\t\t\t\t\t\t\t<\/div>\n\t\t\t\t<\/div>\n\t\t\t\t<div class=\"elementor-element elementor-element-714c26a elementor-widget__width-initial elementor-widget elementor-widget-heading\" data-id=\"714c26a\" data-element_type=\"widget\" data-widget_type=\"heading.default\">\n\t\t\t\t<div class=\"elementor-widget-container\">\n\t\t\t\t\t<h3 class=\"elementor-heading-title elementor-size-default\"><a href=\"https:\/\/triviumgroup.eu\/hu\/onsite_bosnia\/\">\u00dcgyf\u00e9lszolg\u00e1lati partner pontok Boszni\u00e1ban<\/a><\/h3>\t\t\t\t<\/div>\n\t\t\t\t<\/div>\n\t\t\t\t\t<\/div>\n\t\t<\/div>\n\t\t\t\t\t<\/div>\n\t\t<\/section>\n\t\t\t\t<\/div>","protected":false},"excerpt":{"rendered":"<p>How can we help You? Meet us at one of our on-site locations! On-Site Locations Hungary On-Site Locations Croatia On-Site Locations Serbia On-Site Locations Bosnia<\/p>","protected":false},"author":1,"featured_media":0,"parent":0,"menu_order":0,"comment_status":"closed","ping_status":"closed","template":"","meta":{"_uag_custom_page_level_css":"","site-sidebar-layout":"no-sidebar","site-content-layout":"page-builder","ast-global-header-display":"","ast-banner-title-visibility":"","ast-main-header-display":"","ast-hfb-above-header-display":"","ast-hfb-below-header-display":"","ast-hfb-mobile-header-display":"","site-post-title":"disabled","ast-breadcrumbs-content":"","ast-featured-img":"disabled","footer-sml-layout":"","theme-transparent-header-meta":"","adv-header-id-meta":"","stick-header-meta":"","header-above-stick-meta":"","header-main-stick-meta":"","header-below-stick-meta":"","footnotes":""},"class_list":["post-25226","page","type-page","status-publish","hentry"],"uagb_featured_image_src":{"full":false,"thumbnail":false,"medium":false,"medium_large":false,"large":false,"1536x1536":false,"2048x2048":false,"trp-custom-language-flag":false,"woocommerce_thumbnail":false,"woocommerce_single":false,"woocommerce_gallery_thumbnail":false},"uagb_author_info":{"display_name":"HR","author_link":"https:\/\/triviumgroup.eu\/hu\/author\/penzugy\/"},"uagb_comment_info":0,"uagb_excerpt":"How can we help You? Meet us at one of our on-site locations! On-Site Locations Hungary On-Site Locations Croatia On-Site Locations Serbia On-Site Locations Bosnia","_links":{"self":[{"href":"https:\/\/triviumgroup.eu\/hu\/wp-json\/wp\/v2\/pages\/25226","targetHints":{"allow":["GET"]}}],"collection":[{"href":"https:\/\/triviumgroup.eu\/hu\/wp-json\/wp\/v2\/pages"}],"about":[{"href":"https:\/\/triviumgroup.eu\/hu\/wp-json\/wp\/v2\/types\/page"}],"author":[{"embeddable":true,"href":"https:\/\/triviumgroup.eu\/hu\/wp-json\/wp\/v2\/users\/1"}],"replies":[{"embeddable":true,"href":"https:\/\/triviumgroup.eu\/hu\/wp-json\/wp\/v2\/comments?post=25226"}],"version-history":[{"count":5,"href":"https:\/\/triviumgroup.eu\/hu\/wp-json\/wp\/v2\/pages\/25226\/revisions"}],"predecessor-version":[{"id":26764,"href":"https:\/\/triviumgroup.eu\/hu\/wp-json\/wp\/v2\/pages\/25226\/revisions\/26764"}],"wp:attachment":[{"href":"https:\/\/triviumgroup.eu\/hu\/wp-json\/wp\/v2\/media?parent=25226"}],"curies":[{"name":"wp","href":"https:\/\/api.w.org\/{rel}","templated":true}]}}