{"id":27060,"date":"2026-03-21T19:36:49","date_gmt":"2026-03-21T19:36:49","guid":{"rendered":"https:\/\/triviumgroup.eu\/?page_id=27060"},"modified":"2026-03-23T14:58:23","modified_gmt":"2026-03-23T14:58:23","slug":"ens-obligation","status":"publish","type":"page","link":"https:\/\/triviumgroup.eu\/hr\/ens-obligation\/","title":{"rendered":"Ulazna Skra\u0107ena Deklaracija"},"content":{"rendered":"<div data-elementor-type=\"wp-page\" data-elementor-id=\"27060\" class=\"elementor elementor-27060\">\n\t\t\t\t\t\t<section class=\"elementor-section elementor-top-section elementor-element elementor-element-2240dip elementor-section-boxed elementor-section-height-default elementor-section-height-default\" data-id=\"2240dip\" data-element_type=\"section\" data-settings=\"{&quot;background_background&quot;:&quot;classic&quot;}\">\n\t\t\t\t\t\t<div class=\"elementor-container elementor-column-gap-no\">\n\t\t\t\t\t<div class=\"elementor-column elementor-col-100 elementor-top-column elementor-element elementor-element-154ac817\" data-id=\"154ac817\" data-element_type=\"column\">\n\t\t\t<div class=\"elementor-widget-wrap elementor-element-populated\">\n\t\t\t\t\t\t<div class=\"elementor-element elementor-element-c9e07c5 elementor-widget elementor-widget-spacer\" data-id=\"c9e07c5\" data-element_type=\"widget\" data-widget_type=\"spacer.default\">\n\t\t\t\t<div class=\"elementor-widget-container\">\n\t\t\t\t\t\t\t<div class=\"elementor-spacer\">\n\t\t\t<div class=\"elementor-spacer-inner\"><\/div>\n\t\t<\/div>\n\t\t\t\t\t\t<\/div>\n\t\t\t\t<\/div>\n\t\t\t\t<div class=\"elementor-element elementor-element-778bfb43 elementor-widget elementor-widget-heading\" data-id=\"778bfb43\" data-element_type=\"widget\" data-widget_type=\"heading.default\">\n\t\t\t\t<div class=\"elementor-widget-container\">\n\t\t\t\t\t<h2 class=\"elementor-heading-title elementor-size-default\">ENS prijava mora biti podneta najmanje jedan sat pre dolaska na ulaznu ta\u010dku u EU<\/h2>\t\t\t\t<\/div>\n\t\t\t\t<\/div>\n\t\t\t\t<div class=\"elementor-element elementor-element-a656dcc elementor-widget elementor-widget-heading\" data-id=\"a656dcc\" data-element_type=\"widget\" data-widget_type=\"heading.default\">\n\t\t\t\t<div class=\"elementor-widget-container\">\n\t\t\t\t\t<h3 class=\"elementor-heading-title elementor-size-default\">Ovaj zahtev mo\u017eete lako ispuniti kori\u0161\u0107enjem jednog od na\u0161ih re\u0161enja razvijenih za Vas<\/h3>\t\t\t\t<\/div>\n\t\t\t\t<\/div>\n\t\t\t\t\t<\/div>\n\t\t<\/div>\n\t\t\t\t\t<\/div>\n\t\t<\/section>\n\t\t\t\t<section class=\"elementor-section elementor-top-section elementor-element elementor-element-5p7iak6 elementor-section-content-middle elementor-section-boxed elementor-section-height-default elementor-section-height-default\" data-id=\"5p7iak6\" data-element_type=\"section\" data-settings=\"{&quot;background_background&quot;:&quot;classic&quot;}\">\n\t\t\t\t\t\t\t<div class=\"elementor-background-overlay\"><\/div>\n\t\t\t\t\t\t\t<div class=\"elementor-container elementor-column-gap-wide\">\n\t\t\t\t\t<div class=\"elementor-column elementor-col-25 elementor-top-column elementor-element elementor-element-b262852\" data-id=\"b262852\" data-element_type=\"column\">\n\t\t\t<div class=\"elementor-widget-wrap elementor-element-populated\">\n\t\t\t\t\t\t<div class=\"elementor-element elementor-element-34933a9 elementor-widget elementor-widget-image\" data-id=\"34933a9\" data-element_type=\"widget\" data-widget_type=\"image.default\">\n\t\t\t\t<div class=\"elementor-widget-container\">\n\t\t\t\t\t\t\t\t\t\t\t\t\t\t\t\t<a href=\"https:\/\/triviumgroup.eu\/hr\/zednik\/\">\n\t\t\t\t\t\t\t<img fetchpriority=\"high\" decoding=\"async\" width=\"1024\" height=\"768\" src=\"https:\/\/triviumgroup.eu\/wp-content\/uploads\/2023\/11\/Zednjk-2.jpg\" class=\"attachment-large size-large wp-image-26857\" alt=\"\" srcset=\"https:\/\/triviumgroup.eu\/wp-content\/uploads\/2023\/11\/Zednjk-2.jpg 1024w, https:\/\/triviumgroup.eu\/wp-content\/uploads\/2023\/11\/Zednjk-2-300x225.jpg 300w, https:\/\/triviumgroup.eu\/wp-content\/uploads\/2023\/11\/Zednjk-2-768x576.jpg 768w, https:\/\/triviumgroup.eu\/wp-content\/uploads\/2023\/11\/Zednjk-2-16x12.jpg 16w, https:\/\/triviumgroup.eu\/wp-content\/uploads\/2023\/11\/Zednjk-2-600x450.jpg 600w\" sizes=\"(max-width: 1024px) 100vw, 1024px\" \/>\t\t\t\t\t\t\t\t<\/a>\n\t\t\t\t\t\t\t\t\t\t\t\t\t\t\t<\/div>\n\t\t\t\t<\/div>\n\t\t\t\t<div class=\"elementor-element elementor-element-7dff79f elementor-widget__width-initial elementor-widget elementor-widget-heading\" data-id=\"7dff79f\" data-element_type=\"widget\" data-widget_type=\"heading.default\">\n\t\t\t\t<div class=\"elementor-widget-container\">\n\t\t\t\t\t<h3 class=\"elementor-heading-title elementor-size-default\"><a href=\"https:\/\/triviumgroup.eu\/hr\/Zednik\/\">Posetite na\u0161u kancelariju u Zedniku li\u010dno pre dolaska na grani\u010dne terminale<\/a><\/h3>\t\t\t\t<\/div>\n\t\t\t\t<\/div>\n\t\t\t\t\t<\/div>\n\t\t<\/div>\n\t\t\t\t<div class=\"elementor-column elementor-col-25 elementor-top-column elementor-element elementor-element-cd80680\" data-id=\"cd80680\" data-element_type=\"column\">\n\t\t\t<div class=\"elementor-widget-wrap elementor-element-populated\">\n\t\t\t\t\t\t<div class=\"elementor-element elementor-element-cf5f8fc elementor-widget elementor-widget-image\" data-id=\"cf5f8fc\" data-element_type=\"widget\" data-widget_type=\"image.default\">\n\t\t\t\t<div class=\"elementor-widget-container\">\n\t\t\t\t\t\t\t\t\t\t\t\t\t\t\t<img decoding=\"async\" width=\"1024\" height=\"683\" src=\"https:\/\/triviumgroup.eu\/wp-content\/uploads\/2023\/09\/iStock-1168945108-1024x683.jpg\" class=\"attachment-large size-large wp-image-26390\" alt=\"\" srcset=\"https:\/\/triviumgroup.eu\/wp-content\/uploads\/2023\/09\/iStock-1168945108-1024x683.jpg 1024w, https:\/\/triviumgroup.eu\/wp-content\/uploads\/2023\/09\/iStock-1168945108-300x200.jpg 300w, https:\/\/triviumgroup.eu\/wp-content\/uploads\/2023\/09\/iStock-1168945108-768x512.jpg 768w, https:\/\/triviumgroup.eu\/wp-content\/uploads\/2023\/09\/iStock-1168945108-1536x1024.jpg 1536w, https:\/\/triviumgroup.eu\/wp-content\/uploads\/2023\/09\/iStock-1168945108-2048x1365.jpg 2048w, https:\/\/triviumgroup.eu\/wp-content\/uploads\/2023\/09\/iStock-1168945108-600x400.jpg 600w\" sizes=\"(max-width: 1024px) 100vw, 1024px\" \/>\t\t\t\t\t\t\t\t\t\t\t\t\t\t\t<\/div>\n\t\t\t\t<\/div>\n\t\t\t\t<div class=\"elementor-element elementor-element-cee9f99 elementor-widget elementor-widget-heading\" data-id=\"cee9f99\" data-element_type=\"widget\" data-widget_type=\"heading.default\">\n\t\t\t\t<div class=\"elementor-widget-container\">\n\t\t\t\t\t<h3 class=\"elementor-heading-title elementor-size-default\"><a href=\"https:\/\/triviumgroup.eu\/hr\/registered-e-mail\/\">Po\u0161aljite nam e-mail sa prethodno registrovane e-mail adrese i sa\u010dekajte na\u0161 odgovor<\/a><\/h3>\t\t\t\t<\/div>\n\t\t\t\t<\/div>\n\t\t\t\t\t<\/div>\n\t\t<\/div>\n\t\t\t\t<div class=\"elementor-column elementor-col-25 elementor-top-column elementor-element elementor-element-51c3c3b\" data-id=\"51c3c3b\" data-element_type=\"column\">\n\t\t\t<div class=\"elementor-widget-wrap elementor-element-populated\">\n\t\t\t\t\t\t<div class=\"elementor-element elementor-element-b8ec32e elementor-widget elementor-widget-image\" data-id=\"b8ec32e\" data-element_type=\"widget\" data-widget_type=\"image.default\">\n\t\t\t\t<div class=\"elementor-widget-container\">\n\t\t\t\t\t\t\t\t\t\t\t\t\t\t\t<img decoding=\"async\" width=\"752\" height=\"779\" src=\"https:\/\/triviumgroup.eu\/wp-content\/uploads\/2023\/09\/portal_done_docs.jpg\" class=\"attachment-large size-large wp-image-26482\" alt=\"\" srcset=\"https:\/\/triviumgroup.eu\/wp-content\/uploads\/2023\/09\/portal_done_docs.jpg 752w, https:\/\/triviumgroup.eu\/wp-content\/uploads\/2023\/09\/portal_done_docs-290x300.jpg 290w, https:\/\/triviumgroup.eu\/wp-content\/uploads\/2023\/09\/portal_done_docs-600x622.jpg 600w\" sizes=\"(max-width: 752px) 100vw, 752px\" \/>\t\t\t\t\t\t\t\t\t\t\t\t\t\t\t<\/div>\n\t\t\t\t<\/div>\n\t\t\t\t<div class=\"elementor-element elementor-element-70aca73 elementor-widget__width-initial elementor-widget elementor-widget-heading\" data-id=\"70aca73\" data-element_type=\"widget\" data-widget_type=\"heading.default\">\n\t\t\t\t<div class=\"elementor-widget-container\">\n\t\t\t\t\t<h3 class=\"elementor-heading-title elementor-size-default\"><a href=\"https:\/\/triviumgroup.eu\/hr\/trivium-portal-desktop\/\">Koristite Trivium Portal korisni\u010dki pristup i pratite carinske procese u realnom vremenu<\/a><\/h3>\t\t\t\t<\/div>\n\t\t\t\t<\/div>\n\t\t\t\t\t<\/div>\n\t\t<\/div>\n\t\t\t\t<div class=\"elementor-column elementor-col-25 elementor-top-column elementor-element elementor-element-117cf56\" data-id=\"117cf56\" data-element_type=\"column\">\n\t\t\t<div class=\"elementor-widget-wrap elementor-element-populated\">\n\t\t\t\t\t\t<div class=\"elementor-element elementor-element-3331fc4 elementor-widget elementor-widget-image\" data-id=\"3331fc4\" data-element_type=\"widget\" data-widget_type=\"image.default\">\n\t\t\t\t<div class=\"elementor-widget-container\">\n\t\t\t\t\t\t\t\t\t\t\t\t\t\t\t<img loading=\"lazy\" decoding=\"async\" width=\"966\" height=\"1599\" src=\"https:\/\/triviumgroup.eu\/wp-content\/uploads\/2023\/09\/driver_aid_message.jpg\" class=\"attachment-full size-full wp-image-26394\" alt=\"\" srcset=\"https:\/\/triviumgroup.eu\/wp-content\/uploads\/2023\/09\/driver_aid_message.jpg 966w, https:\/\/triviumgroup.eu\/wp-content\/uploads\/2023\/09\/driver_aid_message-181x300.jpg 181w, https:\/\/triviumgroup.eu\/wp-content\/uploads\/2023\/09\/driver_aid_message-619x1024.jpg 619w, https:\/\/triviumgroup.eu\/wp-content\/uploads\/2023\/09\/driver_aid_message-768x1271.jpg 768w, https:\/\/triviumgroup.eu\/wp-content\/uploads\/2023\/09\/driver_aid_message-928x1536.jpg 928w, https:\/\/triviumgroup.eu\/wp-content\/uploads\/2023\/09\/driver_aid_message-600x993.jpg 600w\" sizes=\"(max-width: 966px) 100vw, 966px\" \/>\t\t\t\t\t\t\t\t\t\t\t\t\t\t\t<\/div>\n\t\t\t\t<\/div>\n\t\t\t\t<div class=\"elementor-element elementor-element-714c26a elementor-widget__width-initial elementor-widget elementor-widget-heading\" data-id=\"714c26a\" data-element_type=\"widget\" data-widget_type=\"heading.default\">\n\t\t\t\t<div class=\"elementor-widget-container\">\n\t\t\t\t\t<h3 class=\"elementor-heading-title elementor-size-default\"><a href=\"https:\/\/triviumgroup.eu\/hr\/driver-aid\/\">Koristite Trivium Driver Aid aplikaciju koja je dostupna na Android ure\u0111ajima<\/a><\/h3>\t\t\t\t<\/div>\n\t\t\t\t<\/div>\n\t\t\t\t\t<\/div>\n\t\t<\/div>\n\t\t\t\t\t<\/div>\n\t\t<\/section>\n\t\t\t\t<\/div>","protected":false},"excerpt":{"rendered":"<p>ENS declaration must be turned in one hour prior to arrival to EU entrypoint Meet the requirement with ease by using one of our solutions developed for You Visit our Zednik office in person prior to arrival to the border terminals Send us an e-mail from a pre-registered e-mail address and wait for our feedback &hellip;<\/p>\n<p class=\"read-more\"> <a class=\"\" href=\"https:\/\/triviumgroup.eu\/hr\/ens-obligation\/\"> <span class=\"screen-reader-text\">Ulazna Skra\u0107ena Deklaracija<\/span> Read More &raquo;<\/a><\/p>","protected":false},"author":1,"featured_media":0,"parent":0,"menu_order":0,"comment_status":"closed","ping_status":"closed","template":"","meta":{"_uag_custom_page_level_css":"","site-sidebar-layout":"no-sidebar","site-content-layout":"page-builder","ast-global-header-display":"","ast-banner-title-visibility":"","ast-main-header-display":"","ast-hfb-above-header-display":"","ast-hfb-below-header-display":"","ast-hfb-mobile-header-display":"","site-post-title":"disabled","ast-breadcrumbs-content":"","ast-featured-img":"disabled","footer-sml-layout":"","theme-transparent-header-meta":"","adv-header-id-meta":"","stick-header-meta":"","header-above-stick-meta":"","header-main-stick-meta":"","header-below-stick-meta":"","footnotes":""},"class_list":["post-27060","page","type-page","status-publish","hentry"],"uagb_featured_image_src":{"full":false,"thumbnail":false,"medium":false,"medium_large":false,"large":false,"1536x1536":false,"2048x2048":false,"trp-custom-language-flag":false,"woocommerce_thumbnail":false,"woocommerce_single":false,"woocommerce_gallery_thumbnail":false},"uagb_author_info":{"display_name":"HR","author_link":"https:\/\/triviumgroup.eu\/hr\/author\/penzugy\/"},"uagb_comment_info":0,"uagb_excerpt":"ENS declaration must be turned in one hour prior to arrival to EU entrypoint Meet the requirement with ease by using one of our solutions developed for You Visit our Zednik office in person prior to arrival to the border terminals Send us an e-mail from a pre-registered e-mail address and wait for our feedback&hellip;","_links":{"self":[{"href":"https:\/\/triviumgroup.eu\/hr\/wp-json\/wp\/v2\/pages\/27060","targetHints":{"allow":["GET"]}}],"collection":[{"href":"https:\/\/triviumgroup.eu\/hr\/wp-json\/wp\/v2\/pages"}],"about":[{"href":"https:\/\/triviumgroup.eu\/hr\/wp-json\/wp\/v2\/types\/page"}],"author":[{"embeddable":true,"href":"https:\/\/triviumgroup.eu\/hr\/wp-json\/wp\/v2\/users\/1"}],"replies":[{"embeddable":true,"href":"https:\/\/triviumgroup.eu\/hr\/wp-json\/wp\/v2\/comments?post=27060"}],"version-history":[{"count":5,"href":"https:\/\/triviumgroup.eu\/hr\/wp-json\/wp\/v2\/pages\/27060\/revisions"}],"predecessor-version":[{"id":27201,"href":"https:\/\/triviumgroup.eu\/hr\/wp-json\/wp\/v2\/pages\/27060\/revisions\/27201"}],"wp:attachment":[{"href":"https:\/\/triviumgroup.eu\/hr\/wp-json\/wp\/v2\/media?parent=27060"}],"curies":[{"name":"wp","href":"https:\/\/api.w.org\/{rel}","templated":true}]}}