{"id":26382,"date":"2023-09-03T21:22:57","date_gmt":"2023-09-03T21:22:57","guid":{"rendered":"https:\/\/triviumgroup.eu\/?page_id=26382"},"modified":"2023-09-22T11:53:03","modified_gmt":"2023-09-22T11:53:03","slug":"driver-aid","status":"publish","type":"page","link":"https:\/\/triviumgroup.eu\/hr\/driver-aid\/","title":{"rendered":"Driver Aid"},"content":{"rendered":"<div data-elementor-type=\"wp-page\" data-elementor-id=\"26382\" class=\"elementor elementor-26382\">\n\t\t\t\t\t\t<section class=\"elementor-section elementor-top-section elementor-element elementor-element-l8goh2t elementor-section-height-min-height elementor-section-items-top elementor-section-boxed elementor-section-height-default\" data-id=\"l8goh2t\" data-element_type=\"section\" data-settings=\"{&quot;background_background&quot;:&quot;classic&quot;}\">\n\t\t\t\t\t\t\t<div class=\"elementor-background-overlay\"><\/div>\n\t\t\t\t\t\t\t<div class=\"elementor-container elementor-column-gap-default\">\n\t\t\t\t\t<div class=\"elementor-column elementor-col-100 elementor-top-column elementor-element elementor-element-8d46742\" data-id=\"8d46742\" data-element_type=\"column\" data-settings=\"{&quot;background_background&quot;:&quot;classic&quot;}\">\n\t\t\t<div class=\"elementor-widget-wrap elementor-element-populated\">\n\t\t\t\t\t\t<div class=\"elementor-element elementor-element-7876f5c elementor-widget elementor-widget-spacer\" data-id=\"7876f5c\" data-element_type=\"widget\" data-widget_type=\"spacer.default\">\n\t\t\t\t<div class=\"elementor-widget-container\">\n\t\t\t\t\t\t\t<div class=\"elementor-spacer\">\n\t\t\t<div class=\"elementor-spacer-inner\"><\/div>\n\t\t<\/div>\n\t\t\t\t\t\t<\/div>\n\t\t\t\t<\/div>\n\t\t\t\t<div class=\"elementor-element elementor-element-47069c6 elementor-widget elementor-widget-heading\" data-id=\"47069c6\" data-element_type=\"widget\" data-widget_type=\"heading.default\">\n\t\t\t\t<div class=\"elementor-widget-container\">\n\t\t\t\t\t<h2 class=\"elementor-heading-title elementor-size-default\">Driver Aid<br>Za voza\u010de s Google Play trgovine<\/h2>\t\t\t\t<\/div>\n\t\t\t\t<\/div>\n\t\t\t\t\t<\/div>\n\t\t<\/div>\n\t\t\t\t\t<\/div>\n\t\t<\/section>\n\t\t\t\t<section class=\"elementor-section elementor-top-section elementor-element elementor-element-en8grl5 elementor-section-boxed elementor-section-height-default elementor-section-height-default\" data-id=\"en8grl5\" data-element_type=\"section\">\n\t\t\t\t\t\t<div class=\"elementor-container elementor-column-gap-wide\">\n\t\t\t\t\t<div class=\"elementor-column elementor-col-33 elementor-top-column elementor-element elementor-element-f8352c5\" data-id=\"f8352c5\" data-element_type=\"column\">\n\t\t\t<div class=\"elementor-widget-wrap elementor-element-populated\">\n\t\t\t\t\t\t<div class=\"elementor-element elementor-element-00d516a elementor-widget elementor-widget-image\" data-id=\"00d516a\" data-element_type=\"widget\" data-widget_type=\"image.default\">\n\t\t\t\t<div class=\"elementor-widget-container\">\n\t\t\t\t\t\t\t\t\t\t\t\t\t\t\t<img fetchpriority=\"high\" decoding=\"async\" width=\"720\" height=\"1600\" src=\"https:\/\/triviumgroup.eu\/wp-content\/uploads\/2023\/06\/viber_kep_2023-04-30_14-15-28-311.jpg\" class=\"attachment-full size-full wp-image-25650\" alt=\"\" srcset=\"https:\/\/triviumgroup.eu\/wp-content\/uploads\/2023\/06\/viber_kep_2023-04-30_14-15-28-311.jpg 720w, https:\/\/triviumgroup.eu\/wp-content\/uploads\/2023\/06\/viber_kep_2023-04-30_14-15-28-311-135x300.jpg 135w, https:\/\/triviumgroup.eu\/wp-content\/uploads\/2023\/06\/viber_kep_2023-04-30_14-15-28-311-461x1024.jpg 461w, https:\/\/triviumgroup.eu\/wp-content\/uploads\/2023\/06\/viber_kep_2023-04-30_14-15-28-311-691x1536.jpg 691w, https:\/\/triviumgroup.eu\/wp-content\/uploads\/2023\/06\/viber_kep_2023-04-30_14-15-28-311-600x1333.jpg 600w\" sizes=\"(max-width: 720px) 100vw, 720px\" \/>\t\t\t\t\t\t\t\t\t\t\t\t\t\t\t<\/div>\n\t\t\t\t<\/div>\n\t\t\t\t<div class=\"elementor-element elementor-element-5774235 elementor-widget elementor-widget-heading\" data-id=\"5774235\" data-element_type=\"widget\" data-widget_type=\"heading.default\">\n\t\t\t\t<div class=\"elementor-widget-container\">\n\t\t\t\t\t<h4 class=\"elementor-heading-title elementor-size-default\">Driver Aid App<\/h4>\t\t\t\t<\/div>\n\t\t\t\t<\/div>\n\t\t\t\t<div class=\"elementor-element elementor-element-87870da elementor-widget elementor-widget-text-editor\" data-id=\"87870da\" data-element_type=\"widget\" data-widget_type=\"text-editor.default\">\n\t\t\t\t<div class=\"elementor-widget-container\">\n\t\t\t\t\t\t\t\t\t<p>Nakon \u0161to se aplikacija instalira, voza\u010di mogu zapo\u010deti novi carinski postupak klikom na dugme za registraciju dolaska<\/p>\t\t\t\t\t\t\t\t<\/div>\n\t\t\t\t<\/div>\n\t\t\t\t\t<\/div>\n\t\t<\/div>\n\t\t\t\t<div class=\"elementor-column elementor-col-33 elementor-top-column elementor-element elementor-element-9fec389\" data-id=\"9fec389\" data-element_type=\"column\">\n\t\t\t<div class=\"elementor-widget-wrap elementor-element-populated\">\n\t\t\t\t\t\t<div class=\"elementor-element elementor-element-53ab989 elementor-widget elementor-widget-image\" data-id=\"53ab989\" data-element_type=\"widget\" data-widget_type=\"image.default\">\n\t\t\t\t<div class=\"elementor-widget-container\">\n\t\t\t\t\t\t\t\t\t\t\t\t\t\t\t<img decoding=\"async\" width=\"720\" height=\"1600\" src=\"https:\/\/triviumgroup.eu\/wp-content\/uploads\/2023\/09\/viber_kep_2023-04-30_14-19-53-854.jpg\" class=\"attachment-full size-full wp-image-26391\" alt=\"\" srcset=\"https:\/\/triviumgroup.eu\/wp-content\/uploads\/2023\/09\/viber_kep_2023-04-30_14-19-53-854.jpg 720w, https:\/\/triviumgroup.eu\/wp-content\/uploads\/2023\/09\/viber_kep_2023-04-30_14-19-53-854-135x300.jpg 135w, https:\/\/triviumgroup.eu\/wp-content\/uploads\/2023\/09\/viber_kep_2023-04-30_14-19-53-854-461x1024.jpg 461w, https:\/\/triviumgroup.eu\/wp-content\/uploads\/2023\/09\/viber_kep_2023-04-30_14-19-53-854-691x1536.jpg 691w, https:\/\/triviumgroup.eu\/wp-content\/uploads\/2023\/09\/viber_kep_2023-04-30_14-19-53-854-600x1333.jpg 600w\" sizes=\"(max-width: 720px) 100vw, 720px\" \/>\t\t\t\t\t\t\t\t\t\t\t\t\t\t\t<\/div>\n\t\t\t\t<\/div>\n\t\t\t\t<div class=\"elementor-element elementor-element-4dea650 elementor-widget elementor-widget-heading\" data-id=\"4dea650\" data-element_type=\"widget\" data-widget_type=\"heading.default\">\n\t\t\t\t<div class=\"elementor-widget-container\">\n\t\t\t\t\t<h4 class=\"elementor-heading-title elementor-size-default\">Zapo\u010dinjanje novog carinskog postupka<\/h4>\t\t\t\t<\/div>\n\t\t\t\t<\/div>\n\t\t\t\t<div class=\"elementor-element elementor-element-b5ddd55 elementor-widget elementor-widget-text-editor\" data-id=\"b5ddd55\" data-element_type=\"widget\" data-widget_type=\"text-editor.default\">\n\t\t\t\t<div class=\"elementor-widget-container\">\n\t\t\t\t\t\t\t\t\t<p>Prilikom zapo\u010dinjanja novog carinskog postupka, voza\u010di treba da nevedu odre\u0111ene osnovne podatke vezane za po\u0161iljku koju prevoze i tako\u0111e slikati CMR i ra\u010dun kamerom svojeg pametnog telefona.<\/p>\t\t\t\t\t\t\t\t<\/div>\n\t\t\t\t<\/div>\n\t\t\t\t\t<\/div>\n\t\t<\/div>\n\t\t\t\t<div class=\"elementor-column elementor-col-33 elementor-top-column elementor-element elementor-element-a4b2aab\" data-id=\"a4b2aab\" data-element_type=\"column\">\n\t\t\t<div class=\"elementor-widget-wrap elementor-element-populated\">\n\t\t\t\t\t\t<div class=\"elementor-element elementor-element-4d88731 elementor-widget elementor-widget-image\" data-id=\"4d88731\" data-element_type=\"widget\" data-widget_type=\"image.default\">\n\t\t\t\t<div class=\"elementor-widget-container\">\n\t\t\t\t\t\t\t\t\t\t\t\t\t\t\t<img decoding=\"async\" width=\"619\" height=\"1024\" src=\"https:\/\/triviumgroup.eu\/wp-content\/uploads\/2023\/09\/driver_aid_message-619x1024.jpg\" class=\"attachment-large size-large wp-image-26394\" alt=\"\" srcset=\"https:\/\/triviumgroup.eu\/wp-content\/uploads\/2023\/09\/driver_aid_message-619x1024.jpg 619w, https:\/\/triviumgroup.eu\/wp-content\/uploads\/2023\/09\/driver_aid_message-181x300.jpg 181w, https:\/\/triviumgroup.eu\/wp-content\/uploads\/2023\/09\/driver_aid_message-768x1271.jpg 768w, https:\/\/triviumgroup.eu\/wp-content\/uploads\/2023\/09\/driver_aid_message-928x1536.jpg 928w, https:\/\/triviumgroup.eu\/wp-content\/uploads\/2023\/09\/driver_aid_message-600x993.jpg 600w, https:\/\/triviumgroup.eu\/wp-content\/uploads\/2023\/09\/driver_aid_message.jpg 966w\" sizes=\"(max-width: 619px) 100vw, 619px\" \/>\t\t\t\t\t\t\t\t\t\t\t\t\t\t\t<\/div>\n\t\t\t\t<\/div>\n\t\t\t\t<div class=\"elementor-element elementor-element-14b01c6 elementor-widget elementor-widget-heading\" data-id=\"14b01c6\" data-element_type=\"widget\" data-widget_type=\"heading.default\">\n\t\t\t\t<div class=\"elementor-widget-container\">\n\t\t\t\t\t<h4 class=\"elementor-heading-title elementor-size-default\">Otpremanje carinskih dokumenata<\/h4>\t\t\t\t<\/div>\n\t\t\t\t<\/div>\n\t\t\t\t<div class=\"elementor-element elementor-element-f55e44c elementor-widget elementor-widget-text-editor\" data-id=\"f55e44c\" data-element_type=\"widget\" data-widget_type=\"text-editor.default\">\n\t\t\t\t<div class=\"elementor-widget-container\">\n\t\t\t\t\t\t\t\t\t<p>Nakon \u0161to se dokumenta po\u0161alju, na\u0161i posrednici pripremaju potrebna carinska dokumenta i postavljaju ih na Trivium Portal. Gotova carinska dokumenta automatski se proslije\u0111uju Trivium Driver Aid aplikaciji u obliku poruka.<\/p>\t\t\t\t\t\t\t\t<\/div>\n\t\t\t\t<\/div>\n\t\t\t\t\t<\/div>\n\t\t<\/div>\n\t\t\t\t\t<\/div>\n\t\t<\/section>\n\t\t\t\t<section class=\"elementor-section elementor-top-section elementor-element elementor-element-kehaaoe elementor-section-boxed elementor-section-height-default elementor-section-height-default\" data-id=\"kehaaoe\" data-element_type=\"section\">\n\t\t\t\t\t\t<div class=\"elementor-container elementor-column-gap-wide\">\n\t\t\t\t\t<div class=\"elementor-column elementor-col-50 elementor-top-column elementor-element elementor-element-e8c6ac4\" data-id=\"e8c6ac4\" data-element_type=\"column\">\n\t\t\t<div class=\"elementor-widget-wrap elementor-element-populated\">\n\t\t\t\t\t\t<div class=\"elementor-element elementor-element-dfec25a elementor-widget elementor-widget-heading\" data-id=\"dfec25a\" data-element_type=\"widget\" data-widget_type=\"heading.default\">\n\t\t\t\t<div class=\"elementor-widget-container\">\n\t\t\t\t\t<h2 class=\"elementor-heading-title elementor-size-default\">Kori\u0161tenje  Driver Aid aplikacije je jednostavno.<\/h2>\t\t\t\t<\/div>\n\t\t\t\t<\/div>\n\t\t\t\t<div class=\"elementor-element elementor-element-b9d0bf1 elementor-widget elementor-widget-text-editor\" data-id=\"b9d0bf1\" data-element_type=\"widget\" data-widget_type=\"text-editor.default\">\n\t\t\t\t<div class=\"elementor-widget-container\">\n\t\t\t\t\t\t\t\t\t<p>Bez obzira da li je dan ili no\u0107, na\u0161a aplikacija za pomo\u0107 voza\u010dima je na usluzi 24\/7. Razumijemo da va\u0161e potrebe transporta mogu nastati u bilo koje doba dana, pa smo tu da pru\u017eimo pomo\u0107 kad god vam zatreba.<\/p>\t\t\t\t\t\t\t\t<\/div>\n\t\t\t\t<\/div>\n\t\t\t\t\t<\/div>\n\t\t<\/div>\n\t\t\t\t<div class=\"elementor-column elementor-col-50 elementor-top-column elementor-element elementor-element-2851bf7\" data-id=\"2851bf7\" data-element_type=\"column\">\n\t\t\t<div class=\"elementor-widget-wrap elementor-element-populated\">\n\t\t\t\t\t\t<div class=\"elementor-element elementor-element-1a29a1c elementor-widget elementor-widget-video\" data-id=\"1a29a1c\" data-element_type=\"widget\" data-settings=\"{&quot;video_type&quot;:&quot;hosted&quot;,&quot;autoplay&quot;:&quot;yes&quot;,&quot;play_on_mobile&quot;:&quot;yes&quot;,&quot;mute&quot;:&quot;yes&quot;,&quot;loop&quot;:&quot;yes&quot;}\" data-widget_type=\"video.default\">\n\t\t\t\t<div class=\"elementor-widget-container\">\n\t\t\t\t\t\t\t<div class=\"e-hosted-video elementor-wrapper elementor-open-inline\">\n\t\t\t\t\t<video class=\"elementor-video\" src=\"https:\/\/triviumgroup.eu\/wp-content\/uploads\/2023\/09\/driveraid_en.mp4\" autoplay=\"\" loop=\"\" muted=\"muted\" playsinline=\"\" controlslist=\"nodownload\" poster=\"https:\/\/triviumgroup.eu\/wp-content\/uploads\/2023\/07\/driveraid2.jpg\"><\/video>\n\t\t\t\t<\/div>\n\t\t\t\t\t\t<\/div>\n\t\t\t\t<\/div>\n\t\t\t\t\t<\/div>\n\t\t<\/div>\n\t\t\t\t\t<\/div>\n\t\t<\/section>\n\t\t\t\t<section class=\"elementor-section elementor-top-section elementor-element elementor-element-v0oopxz elementor-section-content-middle elementor-section-boxed elementor-section-height-default elementor-section-height-default\" data-id=\"v0oopxz\" data-element_type=\"section\" data-settings=\"{&quot;background_background&quot;:&quot;classic&quot;}\">\n\t\t\t\t\t\t<div class=\"elementor-container elementor-column-gap-default\">\n\t\t\t\t\t<div class=\"elementor-column elementor-col-100 elementor-top-column elementor-element elementor-element-a45eb33\" data-id=\"a45eb33\" data-element_type=\"column\">\n\t\t\t<div class=\"elementor-widget-wrap elementor-element-populated\">\n\t\t\t\t\t\t<div class=\"elementor-element elementor-element-ed4759e elementor-widget elementor-widget-heading\" data-id=\"ed4759e\" data-element_type=\"widget\" data-widget_type=\"heading.default\">\n\t\t\t\t<div class=\"elementor-widget-container\">\n\t\t\t\t\t<h2 class=\"elementor-heading-title elementor-size-default\">Stupite u kontakt sa nama<\/h2>\t\t\t\t<\/div>\n\t\t\t\t<\/div>\n\t\t\t\t<div class=\"elementor-element elementor-element-c4f7b91 elementor-widget elementor-widget-text-editor\" data-id=\"c4f7b91\" data-element_type=\"widget\" data-widget_type=\"text-editor.default\">\n\t\t\t\t<div class=\"elementor-widget-container\">\n\t\t\t\t\t\t\t\t\t<p>Imate pitanja? Uvijek smo otvoreni za razgovor o va\u0161em poslovanju i novim projektima. Mi smo uvek tu da Vam pomognemo.<\/p>\t\t\t\t\t\t\t\t<\/div>\n\t\t\t\t<\/div>\n\t\t\t\t<div class=\"elementor-element elementor-element-bbdc8f2 elementor-align-center elementor-widget elementor-widget-button\" data-id=\"bbdc8f2\" data-element_type=\"widget\" data-widget_type=\"button.default\">\n\t\t\t\t<div class=\"elementor-widget-container\">\n\t\t\t\t\t\t\t\t\t<div class=\"elementor-button-wrapper\">\n\t\t\t\t\t<a class=\"elementor-button elementor-button-link elementor-size-sm\" href=\"https:\/\/triviumgroup.eu\/hr\/contact-us\/\">\n\t\t\t\t\t\t<span class=\"elementor-button-content-wrapper\">\n\t\t\t\t\t\t\t\t\t<span class=\"elementor-button-text\">Kako mo\u017eemo pomo\u0107i?<\/span>\n\t\t\t\t\t<\/span>\n\t\t\t\t\t<\/a>\n\t\t\t\t<\/div>\n\t\t\t\t\t\t\t\t<\/div>\n\t\t\t\t<\/div>\n\t\t\t\t\t<\/div>\n\t\t<\/div>\n\t\t\t\t\t<\/div>\n\t\t<\/section>\n\t\t\t\t<\/div>","protected":false},"excerpt":{"rendered":"<p>Driver aidFor drivers from Google Play Store Driver Aid application Once the application is installed drivers can initiate a new transaction by clicking on the Arrival registration button Initiating new transaction By opening a new transaction drivers must specify certain basic data related to the given shipment and also take the photo of the CMR &hellip;<\/p>\n<p class=\"read-more\"> <a class=\"\" href=\"https:\/\/triviumgroup.eu\/hr\/driver-aid\/\"> <span class=\"screen-reader-text\">Driver Aid<\/span> Read More &raquo;<\/a><\/p>","protected":false},"author":1,"featured_media":0,"parent":0,"menu_order":0,"comment_status":"closed","ping_status":"closed","template":"","meta":{"_uag_custom_page_level_css":"","site-sidebar-layout":"no-sidebar","site-content-layout":"page-builder","ast-global-header-display":"","ast-banner-title-visibility":"","ast-main-header-display":"","ast-hfb-above-header-display":"","ast-hfb-below-header-display":"","ast-hfb-mobile-header-display":"","site-post-title":"disabled","ast-breadcrumbs-content":"","ast-featured-img":"disabled","footer-sml-layout":"","theme-transparent-header-meta":"","adv-header-id-meta":"","stick-header-meta":"","header-above-stick-meta":"","header-main-stick-meta":"","header-below-stick-meta":"","footnotes":""},"class_list":["post-26382","page","type-page","status-publish","hentry"],"uagb_featured_image_src":{"full":false,"thumbnail":false,"medium":false,"medium_large":false,"large":false,"1536x1536":false,"2048x2048":false,"trp-custom-language-flag":false,"woocommerce_thumbnail":false,"woocommerce_single":false,"woocommerce_gallery_thumbnail":false},"uagb_author_info":{"display_name":"HR","author_link":"https:\/\/triviumgroup.eu\/hr\/author\/penzugy\/"},"uagb_comment_info":0,"uagb_excerpt":"Driver aidFor drivers from Google Play Store Driver Aid application Once the application is installed drivers can initiate a new transaction by clicking on the Arrival registration button Initiating new transaction By opening a new transaction drivers must specify certain basic data related to the given shipment and also take the photo of the CMR&hellip;","_links":{"self":[{"href":"https:\/\/triviumgroup.eu\/hr\/wp-json\/wp\/v2\/pages\/26382","targetHints":{"allow":["GET"]}}],"collection":[{"href":"https:\/\/triviumgroup.eu\/hr\/wp-json\/wp\/v2\/pages"}],"about":[{"href":"https:\/\/triviumgroup.eu\/hr\/wp-json\/wp\/v2\/types\/page"}],"author":[{"embeddable":true,"href":"https:\/\/triviumgroup.eu\/hr\/wp-json\/wp\/v2\/users\/1"}],"replies":[{"embeddable":true,"href":"https:\/\/triviumgroup.eu\/hr\/wp-json\/wp\/v2\/comments?post=26382"}],"version-history":[{"count":5,"href":"https:\/\/triviumgroup.eu\/hr\/wp-json\/wp\/v2\/pages\/26382\/revisions"}],"predecessor-version":[{"id":26779,"href":"https:\/\/triviumgroup.eu\/hr\/wp-json\/wp\/v2\/pages\/26382\/revisions\/26779"}],"wp:attachment":[{"href":"https:\/\/triviumgroup.eu\/hr\/wp-json\/wp\/v2\/media?parent=26382"}],"curies":[{"name":"wp","href":"https:\/\/api.w.org\/{rel}","templated":true}]}}