{"id":25508,"date":"2023-05-19T15:14:11","date_gmt":"2023-05-19T15:14:11","guid":{"rendered":"https:\/\/triviumgroup.eu\/?page_id=25508"},"modified":"2023-09-22T11:36:50","modified_gmt":"2023-09-22T11:36:50","slug":"onsite-hr","status":"publish","type":"page","link":"https:\/\/triviumgroup.eu\/hr\/onsite-hr\/","title":{"rendered":"On-Site-Locations-HR"},"content":{"rendered":"<div data-elementor-type=\"wp-page\" data-elementor-id=\"25508\" class=\"elementor elementor-25508\">\n\t\t\t\t\t\t<section class=\"elementor-section elementor-top-section elementor-element elementor-element-2a384c9 elementor-section-boxed elementor-section-height-default elementor-section-height-default\" data-id=\"2a384c9\" data-element_type=\"section\">\n\t\t\t\t\t\t<div class=\"elementor-container elementor-column-gap-default\">\n\t\t\t\t\t<div class=\"elementor-column elementor-col-33 elementor-top-column elementor-element elementor-element-6114eb6\" data-id=\"6114eb6\" data-element_type=\"column\">\n\t\t\t<div class=\"elementor-widget-wrap elementor-element-populated\">\n\t\t\t\t\t\t<div class=\"elementor-element elementor-element-e0644b4 elementor-widget elementor-widget-heading\" data-id=\"e0644b4\" data-element_type=\"widget\" data-widget_type=\"heading.default\">\n\t\t\t\t<div class=\"elementor-widget-container\">\n\t\t\t\t\t<h2 class=\"elementor-heading-title elementor-size-default\">Lokacije u Hrvatskoj<\/h2>\t\t\t\t<\/div>\n\t\t\t\t<\/div>\n\t\t\t\t\t<\/div>\n\t\t<\/div>\n\t\t\t\t<div class=\"elementor-column elementor-col-66 elementor-top-column elementor-element elementor-element-e2e81a3\" data-id=\"e2e81a3\" data-element_type=\"column\">\n\t\t\t<div class=\"elementor-widget-wrap elementor-element-populated\">\n\t\t\t\t\t\t<div class=\"elementor-element elementor-element-f68f05a elementor-widget elementor-widget-image\" data-id=\"f68f05a\" data-element_type=\"widget\" data-widget_type=\"image.default\">\n\t\t\t\t<div class=\"elementor-widget-container\">\n\t\t\t\t\t\t\t\t\t\t\t\t\t\t\t<img fetchpriority=\"high\" decoding=\"async\" width=\"1024\" height=\"540\" src=\"https:\/\/triviumgroup.eu\/wp-content\/uploads\/2023\/06\/iStock-1499781860-1024x540.jpg\" class=\"attachment-large size-large wp-image-25703\" alt=\"\" srcset=\"https:\/\/triviumgroup.eu\/wp-content\/uploads\/2023\/06\/iStock-1499781860-1024x540.jpg 1024w, https:\/\/triviumgroup.eu\/wp-content\/uploads\/2023\/06\/iStock-1499781860-300x158.jpg 300w, https:\/\/triviumgroup.eu\/wp-content\/uploads\/2023\/06\/iStock-1499781860-768x405.jpg 768w, https:\/\/triviumgroup.eu\/wp-content\/uploads\/2023\/06\/iStock-1499781860-1536x810.jpg 1536w, https:\/\/triviumgroup.eu\/wp-content\/uploads\/2023\/06\/iStock-1499781860-2048x1080.jpg 2048w, https:\/\/triviumgroup.eu\/wp-content\/uploads\/2023\/06\/iStock-1499781860-600x316.jpg 600w\" sizes=\"(max-width: 1024px) 100vw, 1024px\" \/>\t\t\t\t\t\t\t\t\t\t\t\t\t\t\t<\/div>\n\t\t\t\t<\/div>\n\t\t\t\t<div class=\"elementor-element elementor-element-93a0099 elementor-widget-divider--view-line elementor-widget elementor-widget-divider\" data-id=\"93a0099\" data-element_type=\"widget\" data-widget_type=\"divider.default\">\n\t\t\t\t<div class=\"elementor-widget-container\">\n\t\t\t\t\t\t\t<div class=\"elementor-divider\">\n\t\t\t<span class=\"elementor-divider-separator\">\n\t\t\t\t\t\t<\/span>\n\t\t<\/div>\n\t\t\t\t\t\t<\/div>\n\t\t\t\t<\/div>\n\t\t\t\t\t<\/div>\n\t\t<\/div>\n\t\t\t\t\t<\/div>\n\t\t<\/section>\n\t\t\t\t<section class=\"elementor-section elementor-top-section elementor-element elementor-element-9167e41 elementor-section-boxed elementor-section-height-default elementor-section-height-default\" data-id=\"9167e41\" data-element_type=\"section\">\n\t\t\t\t\t\t<div class=\"elementor-container elementor-column-gap-default\">\n\t\t\t\t\t<div class=\"elementor-column elementor-col-50 elementor-top-column elementor-element elementor-element-bc5c142\" data-id=\"bc5c142\" data-element_type=\"column\">\n\t\t\t<div class=\"elementor-widget-wrap elementor-element-populated\">\n\t\t\t\t\t\t<div class=\"elementor-element elementor-element-10b97788 elementor-widget elementor-widget-image\" data-id=\"10b97788\" data-element_type=\"widget\" data-widget_type=\"image.default\">\n\t\t\t\t<div class=\"elementor-widget-container\">\n\t\t\t\t\t\t\t\t\t\t\t\t\t\t\t<img decoding=\"async\" width=\"1024\" height=\"639\" src=\"https:\/\/triviumgroup.eu\/wp-content\/uploads\/2023\/05\/bajakovo-1024x639-1.jpg\" class=\"attachment-full size-full wp-image-25543\" alt=\"\" srcset=\"https:\/\/triviumgroup.eu\/wp-content\/uploads\/2023\/05\/bajakovo-1024x639-1.jpg 1024w, https:\/\/triviumgroup.eu\/wp-content\/uploads\/2023\/05\/bajakovo-1024x639-1-600x374.jpg 600w, https:\/\/triviumgroup.eu\/wp-content\/uploads\/2023\/05\/bajakovo-1024x639-1-300x187.jpg 300w, https:\/\/triviumgroup.eu\/wp-content\/uploads\/2023\/05\/bajakovo-1024x639-1-768x479.jpg 768w\" sizes=\"(max-width: 1024px) 100vw, 1024px\" \/>\t\t\t\t\t\t\t\t\t\t\t\t\t\t\t<\/div>\n\t\t\t\t<\/div>\n\t\t\t\t<div class=\"elementor-element elementor-element-203c8634 elementor-widget elementor-widget-heading\" data-id=\"203c8634\" data-element_type=\"widget\" data-widget_type=\"heading.default\">\n\t\t\t\t<div class=\"elementor-widget-container\">\n\t\t\t\t\t<h4 class=\"elementor-heading-title elementor-size-default\">GP Bajakovo<\/h4>\t\t\t\t<\/div>\n\t\t\t\t<\/div>\n\t\t\t\t<div class=\"elementor-element elementor-element-65be3f69 elementor-align-center elementor-icon-list--layout-traditional elementor-list-item-link-full_width elementor-widget elementor-widget-icon-list\" data-id=\"65be3f69\" data-element_type=\"widget\" data-widget_type=\"icon-list.default\">\n\t\t\t\t<div class=\"elementor-widget-container\">\n\t\t\t\t\t\t\t<ul class=\"elementor-icon-list-items\">\n\t\t\t\t\t\t\t<li class=\"elementor-icon-list-item\">\n\t\t\t\t\t\t\t\t\t\t\t<span class=\"elementor-icon-list-icon\">\n\t\t\t\t\t\t\t<i aria-hidden=\"true\" class=\"far fa-calendar-check\"><\/i>\t\t\t\t\t\t<\/span>\n\t\t\t\t\t\t\t\t\t\t<span class=\"elementor-icon-list-text\">Radno vrijeme: Po-Ned.:10-22h<\/span>\n\t\t\t\t\t\t\t\t\t<\/li>\n\t\t\t\t\t\t\t\t<li class=\"elementor-icon-list-item\">\n\t\t\t\t\t\t\t\t\t\t\t<span class=\"elementor-icon-list-icon\">\n\t\t\t\t\t\t\t<i aria-hidden=\"true\" class=\"fas fa-filter\"><\/i>\t\t\t\t\t\t<\/span>\n\t\t\t\t\t\t\t\t\t\t<span class=\"elementor-icon-list-text\">Status: granica (HR-SRB)<\/span>\n\t\t\t\t\t\t\t\t\t<\/li>\n\t\t\t\t\t\t\t\t<li class=\"elementor-icon-list-item\">\n\t\t\t\t\t\t\t\t\t\t\t<span class=\"elementor-icon-list-icon\">\n\t\t\t\t\t\t\t<i aria-hidden=\"true\" class=\"fas fa-mail-bulk\"><\/i>\t\t\t\t\t\t<\/span>\n\t\t\t\t\t\t\t\t\t\t<span class=\"elementor-icon-list-text\">EU ulaz: bajakovo@vortexsped.eu<\/span>\n\t\t\t\t\t\t\t\t\t<\/li>\n\t\t\t\t\t\t\t\t<li class=\"elementor-icon-list-item\">\n\t\t\t\t\t\t\t\t\t\t\t<span class=\"elementor-icon-list-icon\">\n\t\t\t\t\t\t\t<i aria-hidden=\"true\" class=\"far fa-address-card\"><\/i>\t\t\t\t\t\t<\/span>\n\t\t\t\t\t\t\t\t\t\t<span class=\"elementor-icon-list-text\">HR-32246 Grani\u010dni prijelaz Bajakovo<\/span>\n\t\t\t\t\t\t\t\t\t<\/li>\n\t\t\t\t\t\t<\/ul>\n\t\t\t\t\t\t<\/div>\n\t\t\t\t<\/div>\n\t\t\t\t\t<\/div>\n\t\t<\/div>\n\t\t\t\t<div class=\"elementor-column elementor-col-50 elementor-top-column elementor-element elementor-element-0458516\" data-id=\"0458516\" data-element_type=\"column\">\n\t\t\t<div class=\"elementor-widget-wrap elementor-element-populated\">\n\t\t\t\t\t\t<div class=\"elementor-element elementor-element-0f93200 elementor-widget elementor-widget-image\" data-id=\"0f93200\" data-element_type=\"widget\" data-widget_type=\"image.default\">\n\t\t\t\t<div class=\"elementor-widget-container\">\n\t\t\t\t\t\t\t\t\t\t\t\t\t\t\t<img decoding=\"async\" width=\"426\" height=\"240\" src=\"https:\/\/triviumgroup.eu\/wp-content\/uploads\/2023\/09\/2019-07-24.jpg\" class=\"attachment-full size-full wp-image-26683\" alt=\"\" srcset=\"https:\/\/triviumgroup.eu\/wp-content\/uploads\/2023\/09\/2019-07-24.jpg 426w, https:\/\/triviumgroup.eu\/wp-content\/uploads\/2023\/09\/2019-07-24-300x169.jpg 300w, https:\/\/triviumgroup.eu\/wp-content\/uploads\/2023\/09\/2019-07-24-18x10.jpg 18w\" sizes=\"(max-width: 426px) 100vw, 426px\" \/>\t\t\t\t\t\t\t\t\t\t\t\t\t\t\t<\/div>\n\t\t\t\t<\/div>\n\t\t\t\t<div class=\"elementor-element elementor-element-3613a26 elementor-widget elementor-widget-heading\" data-id=\"3613a26\" data-element_type=\"widget\" data-widget_type=\"heading.default\">\n\t\t\t\t<div class=\"elementor-widget-container\">\n\t\t\t\t\t<h4 class=\"elementor-heading-title elementor-size-default\">\u017dupanja  Terminal<\/h4>\t\t\t\t<\/div>\n\t\t\t\t<\/div>\n\t\t\t\t<div class=\"elementor-element elementor-element-9f158f2 elementor-align-center elementor-icon-list--layout-traditional elementor-list-item-link-full_width elementor-widget elementor-widget-icon-list\" data-id=\"9f158f2\" data-element_type=\"widget\" data-widget_type=\"icon-list.default\">\n\t\t\t\t<div class=\"elementor-widget-container\">\n\t\t\t\t\t\t\t<ul class=\"elementor-icon-list-items\">\n\t\t\t\t\t\t\t<li class=\"elementor-icon-list-item\">\n\t\t\t\t\t\t\t\t\t\t\t<span class=\"elementor-icon-list-icon\">\n\t\t\t\t\t\t\t<i aria-hidden=\"true\" class=\"far fa-calendar-check\"><\/i>\t\t\t\t\t\t<\/span>\n\t\t\t\t\t\t\t\t\t\t<span class=\"elementor-icon-list-text\">Radno vrijeme:Po-Pe.: 8-14h<\/span>\n\t\t\t\t\t\t\t\t\t<\/li>\n\t\t\t\t\t\t\t\t<li class=\"elementor-icon-list-item\">\n\t\t\t\t\t\t\t\t\t\t\t<span class=\"elementor-icon-list-icon\">\n\t\t\t\t\t\t\t<i aria-hidden=\"true\" class=\"fas fa-filter\"><\/i>\t\t\t\t\t\t<\/span>\n\t\t\t\t\t\t\t\t\t\t<span class=\"elementor-icon-list-text\">Status:Unutra\u0161njost (HR)<\/span>\n\t\t\t\t\t\t\t\t\t<\/li>\n\t\t\t\t\t\t\t\t<li class=\"elementor-icon-list-item\">\n\t\t\t\t\t\t\t\t\t\t\t<span class=\"elementor-icon-list-icon\">\n\t\t\t\t\t\t\t<i aria-hidden=\"true\" class=\"fas fa-mail-bulk\"><\/i>\t\t\t\t\t\t<\/span>\n\t\t\t\t\t\t\t\t\t\t<span class=\"elementor-icon-list-text\">zupanja@vortexsped.eu<\/span>\n\t\t\t\t\t\t\t\t\t<\/li>\n\t\t\t\t\t\t\t\t<li class=\"elementor-icon-list-item\">\n\t\t\t\t\t\t\t\t\t\t\t<span class=\"elementor-icon-list-icon\">\n\t\t\t\t\t\t\t<i aria-hidden=\"true\" class=\"far fa-address-card\"><\/i>\t\t\t\t\t\t<\/span>\n\t\t\t\t\t\t\t\t\t\t<span class=\"elementor-icon-list-text\">HR-32270  \u017dupanja<\/span>\n\t\t\t\t\t\t\t\t\t<\/li>\n\t\t\t\t\t\t<\/ul>\n\t\t\t\t\t\t<\/div>\n\t\t\t\t<\/div>\n\t\t\t\t\t<\/div>\n\t\t<\/div>\n\t\t\t\t\t<\/div>\n\t\t<\/section>\n\t\t\t\t<\/div>","protected":false},"excerpt":{"rendered":"<p>On-Site Locations Croatia Bajakovo Border Opening hours: Mo-Sun.: 10-22h Status: border (HR-SRB) EU entry: bajakovo@vortexsped.eu HR-32246 Grani\u010dni prijelaz Bajakovo \u017dupanja Customs Terminal Opening hours: Mo-Fri.: 8-14h Status: inland (HR) zupanja@vortexsped.eu HR-32270 \u017dupanja<\/p>","protected":false},"author":1,"featured_media":0,"parent":0,"menu_order":0,"comment_status":"closed","ping_status":"closed","template":"","meta":{"_uag_custom_page_level_css":"","site-sidebar-layout":"no-sidebar","site-content-layout":"page-builder","ast-global-header-display":"","ast-banner-title-visibility":"","ast-main-header-display":"","ast-hfb-above-header-display":"","ast-hfb-below-header-display":"","ast-hfb-mobile-header-display":"","site-post-title":"disabled","ast-breadcrumbs-content":"","ast-featured-img":"disabled","footer-sml-layout":"","theme-transparent-header-meta":"","adv-header-id-meta":"","stick-header-meta":"","header-above-stick-meta":"","header-main-stick-meta":"","header-below-stick-meta":"","footnotes":""},"class_list":["post-25508","page","type-page","status-publish","hentry"],"uagb_featured_image_src":{"full":false,"thumbnail":false,"medium":false,"medium_large":false,"large":false,"1536x1536":false,"2048x2048":false,"trp-custom-language-flag":false,"woocommerce_thumbnail":false,"woocommerce_single":false,"woocommerce_gallery_thumbnail":false},"uagb_author_info":{"display_name":"HR","author_link":"https:\/\/triviumgroup.eu\/hr\/author\/penzugy\/"},"uagb_comment_info":0,"uagb_excerpt":"On-Site Locations Croatia Bajakovo Border Opening hours: Mo-Sun.: 10-22h Status: border (HR-SRB) EU entry: bajakovo@vortexsped.eu HR-32246 Grani\u010dni prijelaz Bajakovo \u017dupanja Customs Terminal Opening hours: Mo-Fri.: 8-14h Status: inland (HR) zupanja@vortexsped.eu HR-32270 \u017dupanja","_links":{"self":[{"href":"https:\/\/triviumgroup.eu\/hr\/wp-json\/wp\/v2\/pages\/25508","targetHints":{"allow":["GET"]}}],"collection":[{"href":"https:\/\/triviumgroup.eu\/hr\/wp-json\/wp\/v2\/pages"}],"about":[{"href":"https:\/\/triviumgroup.eu\/hr\/wp-json\/wp\/v2\/types\/page"}],"author":[{"embeddable":true,"href":"https:\/\/triviumgroup.eu\/hr\/wp-json\/wp\/v2\/users\/1"}],"replies":[{"embeddable":true,"href":"https:\/\/triviumgroup.eu\/hr\/wp-json\/wp\/v2\/comments?post=25508"}],"version-history":[{"count":5,"href":"https:\/\/triviumgroup.eu\/hr\/wp-json\/wp\/v2\/pages\/25508\/revisions"}],"predecessor-version":[{"id":26758,"href":"https:\/\/triviumgroup.eu\/hr\/wp-json\/wp\/v2\/pages\/25508\/revisions\/26758"}],"wp:attachment":[{"href":"https:\/\/triviumgroup.eu\/hr\/wp-json\/wp\/v2\/media?parent=25508"}],"curies":[{"name":"wp","href":"https:\/\/api.w.org\/{rel}","templated":true}]}}